{"id":908,"date":"2022-06-11T19:08:49","date_gmt":"2022-06-11T17:08:49","guid":{"rendered":"https:\/\/emprende.inteccauned.es\/wordpress\/?page_id=908"},"modified":"2022-06-11T19:18:55","modified_gmt":"2022-06-11T17:18:55","slug":"pasos-a-seguir-para-la-sociedad-limitada-nueva-empresa","status":"publish","type":"page","link":"https:\/\/emprendeuned.uned.es\/wordpress\/pasos-a-seguir-para-la-sociedad-limitada-nueva-empresa\/","title":{"rendered":"Pasos a seguir para la Sociedad Limitada Nueva Empresa"},"content":{"rendered":"\t\t<div data-elementor-type=\"wp-page\" data-elementor-id=\"908\" class=\"elementor elementor-908\">\n\t\t\t\t\t\t\t\t\t<section class=\"elementor-section elementor-top-section elementor-element elementor-element-1d88fe7 elementor-section-boxed elementor-section-height-default elementor-section-height-default\" data-id=\"1d88fe7\" data-element_type=\"section\">\n\t\t\t\t\t\t<div class=\"elementor-container elementor-column-gap-default\">\n\t\t\t\t\t<div class=\"elementor-column elementor-col-100 elementor-top-column elementor-element elementor-element-30aa9b3\" data-id=\"30aa9b3\" data-element_type=\"column\">\n\t\t\t<div class=\"elementor-widget-wrap elementor-element-populated\">\n\t\t\t\t\t\t\t\t<div class=\"elementor-element elementor-element-521d585 elementor-widget elementor-widget-text-editor\" data-id=\"521d585\" data-element_type=\"widget\" data-widget_type=\"text-editor.default\">\n\t\t\t\t<div class=\"elementor-widget-container\">\n\t\t\t<style>\/*! elementor - v3.7.8 - 02-10-2022 *\/\n.elementor-widget-text-editor.elementor-drop-cap-view-stacked .elementor-drop-cap{background-color:#818a91;color:#fff}.elementor-widget-text-editor.elementor-drop-cap-view-framed .elementor-drop-cap{color:#818a91;border:3px solid;background-color:transparent}.elementor-widget-text-editor:not(.elementor-drop-cap-view-default) .elementor-drop-cap{margin-top:8px}.elementor-widget-text-editor:not(.elementor-drop-cap-view-default) .elementor-drop-cap-letter{width:1em;height:1em}.elementor-widget-text-editor .elementor-drop-cap{float:left;text-align:center;line-height:1;font-size:50px}.elementor-widget-text-editor .elementor-drop-cap-letter{display:inline-block}<\/style>\t\t\t\t<p>Toda la informaci\u00f3n en la <a href=\"http:\/\/www.ipyme.org\/es-ES\/DecisionEmprender\/FormasJuridicas\/Paginas\/FormasJuridicas-Descripcion.aspx?cod=SLNE&amp;nombre=Sociedad%20Limitada%20Nueva%20Empresa&amp;idioma=es-ES\">p\u00e1gina del Ministerio de Industria, Comercio y Turismo<\/a><\/p>\t\t\t\t\t\t<\/div>\n\t\t\t\t<\/div>\n\t\t\t\t\t<\/div>\n\t\t<\/div>\n\t\t\t\t\t\t\t<\/div>\n\t\t<\/section>\n\t\t\t\t<section class=\"elementor-section elementor-top-section elementor-element elementor-element-7d3b1a6 elementor-section-boxed elementor-section-height-default elementor-section-height-default\" data-id=\"7d3b1a6\" data-element_type=\"section\">\n\t\t\t\t\t\t<div class=\"elementor-container elementor-column-gap-default\">\n\t\t\t\t\t<div class=\"elementor-column elementor-col-100 elementor-top-column elementor-element elementor-element-6edf9f0\" data-id=\"6edf9f0\" data-element_type=\"column\">\n\t\t\t<div class=\"elementor-widget-wrap elementor-element-populated\">\n\t\t\t\t\t\t\t\t<div class=\"elementor-element elementor-element-f08ecea elementor-widget elementor-widget-text-editor\" data-id=\"f08ecea\" data-element_type=\"widget\" data-widget_type=\"text-editor.default\">\n\t\t\t\t<div class=\"elementor-widget-container\">\n\t\t\t\t\t\t\t<p><strong>Proceso de constituci\u00f3n:<\/strong><\/p><p>\u00a0<\/p><ul id=\"Tramites\"><li><span class=\"org\">Direcci\u00f3n General de Industria y de la PYME:<\/span> <a id=\"ctl00_PlaceHolderMain_formulario_TabContainer1_TabPanel1_rptListadotramites_ctl00_lnkTramite\"><\/a>Denominaci\u00f3n social\u00a0 <span class=\"Label1\">&#8211; El socio o socios fundadores deber\u00e1n, en primer lugar, realizar los tr\u00e1mites para obtener la denominaci\u00f3n social de la Nueva Empresa. <\/span><\/li><li><span class=\"org\">Agencia Tributaria (AEAT):<\/span> <a id=\"ctl00_PlaceHolderMain_formulario_TabContainer1_TabPanel1_rptListadotramites_ctl01_lnkTramite\"><\/a>N\u00famero de identificaci\u00f3n fiscal\u00a0<\/li><li><span class=\"org\">Notario:<\/span> <a id=\"ctl00_PlaceHolderMain_formulario_TabContainer1_TabPanel1_rptListadotramites_ctl02_lnkTramite\"><\/a>Escritura p\u00fablica<p>La escritura de constituci\u00f3n de la sociedad deber\u00e1 ser otorgada por todos los socios fundadores, quienes habr\u00e1n de asumir la totalidad de las participaciones sociales. Deber\u00e1 expresarse necesariamente:<\/p><ul><li>La identidad del socio o socios.<\/li><li>La voluntad de constituir una Sociedad Limitada Nueva Empresa.<\/li><li>Las aportaciones que cada socio realice y la numeraci\u00f3n de las participaciones asignadas en pago.<\/li><li>La determinaci\u00f3n del modo concreto en que inicialmente se organice la administraci\u00f3n, en caso de que los estatutos prevean diferentes alternativas.<\/li><li>La identidad de la persona o personas que se encarguen inicialmente de la administraci\u00f3n y de la representaci\u00f3n social.<\/li><li>Se podr\u00e1n incluir todos los pactos y condiciones que los socios juzguen convenientemente establecer, siempre que no se opongan a las leyes reguladoras.<\/li><li>Los estatutos de la sociedad, en los que se har\u00e1 constar, al menos:<ul><li>La denominaci\u00f3n de la sociedad.<\/li><li>El objeto social, determinando las actividades que lo integran.<\/li><li>La fecha de cierre del ejercicio social.<\/li><li>El domicilio social.<\/li><li>El capital social, las participaciones en que se divida, su valor nominal y su numeraci\u00f3n correlativa.<\/li><li>El modo o modos de organizar la administraci\u00f3n de la sociedad, el n\u00famero de administradores o, al menos, el n\u00famero m\u00e1ximo y el m\u00ednimo, as\u00ed como el plazo de duraci\u00f3n del cargo y el sistema de retribuci\u00f3n, si la tuvieren.<\/li><\/ul><\/li><\/ul><p>La escritura de constituci\u00f3n deber\u00e1 presentarse a inscripci\u00f3n en el Registro Mercantil.<\/p><\/li><li><span class=\"org\">Consejer\u00edas de Hacienda de las CC.AA.:<\/span> <a id=\"ctl00_PlaceHolderMain_formulario_TabContainer1_TabPanel1_rptListadotramites_ctl03_lnkTramite\"><\/a>Impuesto sobre transmisiones patrimoniales y actos jur\u00eddicos documentados\u00a0<\/li><li><span class=\"org\">Registro Mercantil Provincial:<\/span> <a id=\"ctl00_PlaceHolderMain_formulario_TabContainer1_TabPanel1_rptListadotramites_ctl04_lnkTramite\"><\/a>Inscripci\u00f3n de la empresa en el Registro\u00a0<\/li><\/ul><div>\u00a0<\/div><div>\u00a0<\/div>\t\t\t\t\t\t<\/div>\n\t\t\t\t<\/div>\n\t\t\t\t\t<\/div>\n\t\t<\/div>\n\t\t\t\t\t\t\t<\/div>\n\t\t<\/section>\n\t\t\t\t<section class=\"elementor-section elementor-top-section elementor-element elementor-element-5b67a7c elementor-section-boxed elementor-section-height-default elementor-section-height-default\" data-id=\"5b67a7c\" data-element_type=\"section\">\n\t\t\t\t\t\t<div class=\"elementor-container elementor-column-gap-default\">\n\t\t\t\t\t<div class=\"elementor-column elementor-col-100 elementor-top-column elementor-element elementor-element-a4e4219\" data-id=\"a4e4219\" data-element_type=\"column\">\n\t\t\t<div class=\"elementor-widget-wrap elementor-element-populated\">\n\t\t\t\t\t\t\t\t<div class=\"elementor-element elementor-element-565ca6a elementor-widget elementor-widget-text-editor\" data-id=\"565ca6a\" data-element_type=\"widget\" data-widget_type=\"text-editor.default\">\n\t\t\t\t<div class=\"elementor-widget-container\">\n\t\t\t\t\t\t\t<p><strong>Puesta en marcha:<\/strong><\/p><p><span id=\"ctl00_PlaceHolderMain_formulario_TabContainer1_TabPanel2_rptListadoPuestaEnMarcha_ctl00_tipoTramite\" class=\"tituloforma-esp\">Tr\u00e1mites generales:<\/span><\/p><ul id=\"PuestaEnMarcha\"><li><span class=\"org\">Agencia Tributaria (AEAT)<\/span>: <a id=\"ctl00_PlaceHolderMain_formulario_TabContainer1_TabPanel2_rptListadoPuestaEnMarcha_ctl00_lnkTramitePuMarcha\"><\/a>Alta en el Censo de empresarios, profesionales y retenedores<\/li><li><span class=\"org\">Agencia Tributaria (AEAT)<\/span>: <a id=\"ctl00_PlaceHolderMain_formulario_TabContainer1_TabPanel2_rptListadoPuestaEnMarcha_ctl01_lnkTramitePuMarcha\"><\/a>Impuesto sobre Actividades Econ\u00f3micas<span class=\"Label1\"> (exentas las empresas de nueva creaci\u00f3n durante los dos primeros ejercicios) <\/span><\/li><li><span class=\"org\">Tesorer\u00eda General de la Seguridad Social<\/span>: <a id=\"ctl00_PlaceHolderMain_formulario_TabContainer1_TabPanel2_rptListadoPuestaEnMarcha_ctl02_lnkTramitePuMarcha\"><\/a>Alta de los socios y administradores en los reg\u00edmenes de la Seguridad Social<\/li><li><span class=\"org\">Registro Mercantil Provincial<\/span>: <a id=\"ctl00_PlaceHolderMain_formulario_TabContainer1_TabPanel2_rptListadoPuestaEnMarcha_ctl03_lnkTramitePuMarcha\"><\/a>Legalizaci\u00f3n del Libro de actas, del Libro registro de socios, del Libro-registro de acciones nominativas y del Libro registro de contratos entre el socio \u00fanico y la sociedad<\/li><li><span class=\"org\">Registro Mercantil Provincial<\/span>: <a id=\"ctl00_PlaceHolderMain_formulario_TabContainer1_TabPanel2_rptListadoPuestaEnMarcha_ctl04_lnkTramitePuMarcha\"><\/a>Legalizaci\u00f3n del Libro Diario y del Libro de Inventarios y Cuentas Anuales<\/li><li><span class=\"org\">Autoridades de certificaci\u00f3n<\/span>: <a id=\"ctl00_PlaceHolderMain_formulario_TabContainer1_TabPanel2_rptListadoPuestaEnMarcha_ctl05_lnkTramitePuMarcha\"><\/a>Obtenci\u00f3n de un certificado electr\u00f3nico<\/li><\/ul><p><span class=\"tituloforma-esp\"><br \/>Tr\u00e1mites seg\u00fan la actividad:<\/span><\/p><ul id=\"PuestaEnMarcha\"><li><span class=\"org\">Ayuntamientos<\/span>: <a id=\"ctl00_PlaceHolderMain_formulario_TabContainer1_TabPanel2_rptListadoPuestaEnMarcha_ctl06_lnkTramitePuMarcha\"><\/a>Licencia de actividad<\/li><li><span class=\"org\">Otros organismos oficiales y\/o registros<\/span>: <a id=\"ctl00_PlaceHolderMain_formulario_TabContainer1_TabPanel2_rptListadoPuestaEnMarcha_ctl07_lnkTramitePuMarcha\"><\/a>Inscripci\u00f3n en otros organismos oficiales y\/o registros<\/li><\/ul><p><span id=\"ctl00_PlaceHolderMain_formulario_TabContainer1_TabPanel2_rptListadoPuestaEnMarcha_ctl08_tipoTramite\" class=\"tituloforma-esp\"><br \/>Tr\u00e1mites en caso de contratar trabajadores:<\/span><\/p><ul id=\"PuestaEnMarcha\"><li><span class=\"org\">Tesorer\u00eda General de la Seguridad Social<\/span>: <a id=\"ctl00_PlaceHolderMain_formulario_TabContainer1_TabPanel2_rptListadoPuestaEnMarcha_ctl08_lnkTramitePuMarcha\"><\/a>Inscripci\u00f3n de la empresa<\/li><li><span class=\"org\">Tesorer\u00eda General de la Seguridad Social<\/span>: <a id=\"ctl00_PlaceHolderMain_formulario_TabContainer1_TabPanel2_rptListadoPuestaEnMarcha_ctl09_lnkTramitePuMarcha\"><\/a>Afiliaci\u00f3n de trabajadores<span class=\"Label1\"> (en el supuesto de que no est\u00e9n afiliados)<\/span><\/li><li><span class=\"org\">Tesorer\u00eda General de la Seguridad Social<\/span>: <a id=\"ctl00_PlaceHolderMain_formulario_TabContainer1_TabPanel2_rptListadoPuestaEnMarcha_ctl10_lnkTramitePuMarcha\"><\/a>Alta de los trabajadores en el R\u00e9gimen de la Seguridad Social<\/li><li><span class=\"org\">Servicio P\u00fablico de Empleo Estatal<\/span>: <a id=\"ctl00_PlaceHolderMain_formulario_TabContainer1_TabPanel2_rptListadoPuestaEnMarcha_ctl11_lnkTramitePuMarcha\"><\/a>Alta de los contratos de trabajo<\/li><li><span class=\"org\">Consejer\u00eda de Trabajo de la Comunidad Aut\u00f3noma<\/span>: <a id=\"ctl00_PlaceHolderMain_formulario_TabContainer1_TabPanel2_rptListadoPuestaEnMarcha_ctl12_lnkTramitePuMarcha\"><\/a>Comunicaci\u00f3n de apertura del centro de trabajo<\/li><li><span class=\"org\">Inspecci\u00f3n Provincial de Trabajo<\/span>: <a id=\"ctl00_PlaceHolderMain_formulario_TabContainer1_TabPanel2_rptListadoPuestaEnMarcha_ctl13_lnkTramitePuMarcha\"><\/a>Obtenci\u00f3n del calendario laboral<\/li><\/ul><p><span class=\"tituloforma-esp\">\u00a0<\/span><\/p><p><span id=\"ctl00_PlaceHolderMain_formulario_TabContainer1_TabPanel2_rptListadoPuestaEnMarcha_ctl14_tipoTramite\" class=\"tituloforma-esp\">Tr\u00e1mites complementarios:<\/span><\/p><p>\u00a0<\/p><ul id=\"PuestaEnMarcha\"><li><span class=\"org\">Oficina Espa\u00f1ola de Patentes y Marcas<\/span>: <a id=\"ctl00_PlaceHolderMain_formulario_TabContainer1_TabPanel2_rptListadoPuestaEnMarcha_ctl14_lnkTramitePuMarcha\"><\/a>Registro de signos distintivos<\/li><\/ul><p><span class=\"tituloforma-esp\">\u00a0<\/span><\/p><p>\u00a0<\/p>\t\t\t\t\t\t<\/div>\n\t\t\t\t<\/div>\n\t\t\t\t\t<\/div>\n\t\t<\/div>\n\t\t\t\t\t\t\t<\/div>\n\t\t<\/section>\n\t\t\t\t<section class=\"elementor-section elementor-top-section elementor-element elementor-element-d63c528 elementor-section-boxed elementor-section-height-default elementor-section-height-default\" data-id=\"d63c528\" data-element_type=\"section\">\n\t\t\t\t\t\t<div class=\"elementor-container elementor-column-gap-default\">\n\t\t\t\t\t<div class=\"elementor-column elementor-col-100 elementor-top-column elementor-element elementor-element-b49bc8f\" data-id=\"b49bc8f\" data-element_type=\"column\">\n\t\t\t<div class=\"elementor-widget-wrap elementor-element-populated\">\n\t\t\t\t\t\t\t\t<div class=\"elementor-element elementor-element-f83188f elementor-widget elementor-widget-text-editor\" data-id=\"f83188f\" data-element_type=\"widget\" data-widget_type=\"text-editor.default\">\n\t\t\t\t<div class=\"elementor-widget-container\">\n\t\t\t\t\t\t\t<p><strong>&#8211;&gt; Toda la informaci\u00f3n relativa a la creaci\u00f3n telem\u00e1tica de una Sociedad Limitada Nueva Empresa se encuentra en la <a href=\"http:\/\/www.ipyme.org\/es-ES\/DecisionEmprender\/FormasJuridicas\/Paginas\/FormasJuridicas-Descripcion.aspx?cod=SLNE&amp;nombre=Sociedad%20Limitada%20Nueva%20Empresa&amp;idioma=es-ES\"><span style=\"text-decoration: underline;\">p\u00e1gina del Ministerio de Industria, Comercio y Turismo<\/span> <\/a>(secci\u00f3n Creaci\u00f3n Telem\u00e1tica)<\/strong><\/p>\t\t\t\t\t\t<\/div>\n\t\t\t\t<\/div>\n\t\t\t\t\t<\/div>\n\t\t<\/div>\n\t\t\t\t\t\t\t<\/div>\n\t\t<\/section>\n\t\t\t\t\t\t\t<\/div>\n\t\t","protected":false},"excerpt":{"rendered":"<p>Toda la informaci\u00f3n en la p\u00e1gina del Ministerio de Industria, Comercio y Turismo Proceso de constituci\u00f3n: \u00a0 Direcci\u00f3n General de Industria y de la PYME: Denominaci\u00f3n social\u00a0 &#8211; El socio o socios fundadores deber\u00e1n, en primer lugar, realizar los tr\u00e1mites para obtener la denominaci\u00f3n social de la Nueva Empresa. Agencia Tributaria (AEAT): N\u00famero de identificaci\u00f3n [&hellip;]<\/p>\n","protected":false},"author":9,"featured_media":0,"parent":0,"menu_order":0,"comment_status":"closed","ping_status":"closed","template":"","meta":[],"_links":{"self":[{"href":"https:\/\/emprendeuned.uned.es\/wordpress\/wp-json\/wp\/v2\/pages\/908"}],"collection":[{"href":"https:\/\/emprendeuned.uned.es\/wordpress\/wp-json\/wp\/v2\/pages"}],"about":[{"href":"https:\/\/emprendeuned.uned.es\/wordpress\/wp-json\/wp\/v2\/types\/page"}],"author":[{"embeddable":true,"href":"https:\/\/emprendeuned.uned.es\/wordpress\/wp-json\/wp\/v2\/users\/9"}],"replies":[{"embeddable":true,"href":"https:\/\/emprendeuned.uned.es\/wordpress\/wp-json\/wp\/v2\/comments?post=908"}],"version-history":[{"count":10,"href":"https:\/\/emprendeuned.uned.es\/wordpress\/wp-json\/wp\/v2\/pages\/908\/revisions"}],"predecessor-version":[{"id":918,"href":"https:\/\/emprendeuned.uned.es\/wordpress\/wp-json\/wp\/v2\/pages\/908\/revisions\/918"}],"wp:attachment":[{"href":"https:\/\/emprendeuned.uned.es\/wordpress\/wp-json\/wp\/v2\/media?parent=908"}],"curies":[{"name":"wp","href":"https:\/\/api.w.org\/{rel}","templated":true}]}}