{"id":869,"date":"2022-06-11T18:59:04","date_gmt":"2022-06-11T16:59:04","guid":{"rendered":"https:\/\/emprende.inteccauned.es\/wordpress\/?page_id=869"},"modified":"2022-06-11T19:07:13","modified_gmt":"2022-06-11T17:07:13","slug":"pasos-a-seguir-para-la-comunidad-de-bienes","status":"publish","type":"page","link":"https:\/\/emprendeuned.uned.es\/wordpress\/pasos-a-seguir-para-la-comunidad-de-bienes\/","title":{"rendered":"Pasos a seguir para la Comunidad de Bienes"},"content":{"rendered":"\t\t<div data-elementor-type=\"wp-page\" data-elementor-id=\"869\" class=\"elementor elementor-869\">\n\t\t\t\t\t\t\t\t\t<section class=\"elementor-section elementor-top-section elementor-element elementor-element-a9cce28 elementor-section-boxed elementor-section-height-default elementor-section-height-default\" data-id=\"a9cce28\" data-element_type=\"section\">\n\t\t\t\t\t\t<div class=\"elementor-container elementor-column-gap-default\">\n\t\t\t\t\t<div class=\"elementor-column elementor-col-100 elementor-top-column elementor-element elementor-element-32009eb\" data-id=\"32009eb\" data-element_type=\"column\">\n\t\t\t<div class=\"elementor-widget-wrap elementor-element-populated\">\n\t\t\t\t\t\t\t\t<div class=\"elementor-element elementor-element-49afd5a elementor-widget elementor-widget-text-editor\" data-id=\"49afd5a\" data-element_type=\"widget\" data-widget_type=\"text-editor.default\">\n\t\t\t\t<div class=\"elementor-widget-container\">\n\t\t\t<style>\/*! elementor - v3.7.8 - 02-10-2022 *\/\n.elementor-widget-text-editor.elementor-drop-cap-view-stacked .elementor-drop-cap{background-color:#818a91;color:#fff}.elementor-widget-text-editor.elementor-drop-cap-view-framed .elementor-drop-cap{color:#818a91;border:3px solid;background-color:transparent}.elementor-widget-text-editor:not(.elementor-drop-cap-view-default) .elementor-drop-cap{margin-top:8px}.elementor-widget-text-editor:not(.elementor-drop-cap-view-default) .elementor-drop-cap-letter{width:1em;height:1em}.elementor-widget-text-editor .elementor-drop-cap{float:left;text-align:center;line-height:1;font-size:50px}.elementor-widget-text-editor .elementor-drop-cap-letter{display:inline-block}<\/style>\t\t\t\t<p>Toda la informaci\u00f3n en la <a href=\"http:\/\/www.ipyme.org\/es-ES\/DecisionEmprender\/FormasJuridicas\/Paginas\/FormasJuridicas-Descripcion.aspx?cod=CBI&amp;nombre=Comunidad%20de%20Bienes&amp;idioma=es-ES\"><span style=\"text-decoration: underline;\">p\u00e1gina del Ministerio de Industria, Comercio y Turismo<\/span><\/a><\/p>\t\t\t\t\t\t<\/div>\n\t\t\t\t<\/div>\n\t\t\t\t\t<\/div>\n\t\t<\/div>\n\t\t\t\t\t\t\t<\/div>\n\t\t<\/section>\n\t\t\t\t<section class=\"elementor-section elementor-top-section elementor-element elementor-element-5b459b8 elementor-section-boxed elementor-section-height-default elementor-section-height-default\" data-id=\"5b459b8\" data-element_type=\"section\">\n\t\t\t\t\t\t<div class=\"elementor-container elementor-column-gap-default\">\n\t\t\t\t\t<div class=\"elementor-column elementor-col-100 elementor-top-column elementor-element elementor-element-a969ae1\" data-id=\"a969ae1\" data-element_type=\"column\">\n\t\t\t<div class=\"elementor-widget-wrap elementor-element-populated\">\n\t\t\t\t\t\t\t\t<div class=\"elementor-element elementor-element-0943679 elementor-widget elementor-widget-text-editor\" data-id=\"0943679\" data-element_type=\"widget\" data-widget_type=\"text-editor.default\">\n\t\t\t\t<div class=\"elementor-widget-container\">\n\t\t\t\t\t\t\t<p><strong>Proceso de constituci\u00f3n:<br \/><\/strong><\/p><ul id=\"Tramites\"><li><span class=\"org\">Tr\u00e1mite privado:<\/span> <span id=\"ctl00_PlaceHolderMain_formulario_TabContainer1_TabPanel1_rptListadotramites_ctl00_noenlace\">Todos los comuneros firmaran un contrato privado en el que se detalle la naturaleza de las aportaciones y porcentaje de participaci\u00f3n que cada comunero tiene en las p\u00e9rdidas y ganancias de la Comunidad de Bienes<\/span> \u00a0<\/li><li><span id=\"ctl00_PlaceHolderMain_formulario_TabContainer1_TabPanel1_rptListadotramites_ctl01_noenlace\">Cada comunero debe darse de alta en el Censo de empresarios, profesionales y retenedores (alta en la casilla 111 y marcar la casilla 601 si est\u00e1n obligados a los pagos fraccionados del IRPF por ser miembros de una Entidad en Atribuci\u00f3n de Rentas)<\/span> \u00a0<\/li><li><span class=\"org\">Agencia Tributaria (AEAT):<\/span> <a id=\"ctl00_PlaceHolderMain_formulario_TabContainer1_TabPanel1_rptListadotramites_ctl02_lnkTramite\"><\/a>N\u00famero de identificaci\u00f3n fiscal\u00a0<\/li><li><span class=\"org\">Notario:<\/span> <a id=\"ctl00_PlaceHolderMain_formulario_TabContainer1_TabPanel1_rptListadotramites_ctl03_lnkTramite\"><\/a>Escritura p\u00fablica\u00a0 <span class=\"Label1\">(en el caso de aportaci\u00f3n de bienes inmuebles o derechos reales)<\/span><\/li><li><span class=\"org\">Consejer\u00edas de Hacienda de las CC.AA.:<\/span> <a id=\"ctl00_PlaceHolderMain_formulario_TabContainer1_TabPanel1_rptListadotramites_ctl04_lnkTramite\"><\/a>Impuesto sobre transmisiones patrimoniales y actos jur\u00eddicos documentados\u00a0<\/li><\/ul><p><strong>\u00a0<\/strong><\/p>\t\t\t\t\t\t<\/div>\n\t\t\t\t<\/div>\n\t\t\t\t\t<\/div>\n\t\t<\/div>\n\t\t\t\t\t\t\t<\/div>\n\t\t<\/section>\n\t\t\t\t<section class=\"elementor-section elementor-top-section elementor-element elementor-element-d2c02bf elementor-section-boxed elementor-section-height-default elementor-section-height-default\" data-id=\"d2c02bf\" data-element_type=\"section\">\n\t\t\t\t\t\t<div class=\"elementor-container elementor-column-gap-default\">\n\t\t\t\t\t<div class=\"elementor-column elementor-col-100 elementor-top-column elementor-element elementor-element-e0f3996\" data-id=\"e0f3996\" data-element_type=\"column\">\n\t\t\t<div class=\"elementor-widget-wrap elementor-element-populated\">\n\t\t\t\t\t\t\t\t<div class=\"elementor-element elementor-element-4b2efff elementor-widget elementor-widget-text-editor\" data-id=\"4b2efff\" data-element_type=\"widget\" data-widget_type=\"text-editor.default\">\n\t\t\t\t<div class=\"elementor-widget-container\">\n\t\t\t\t\t\t\t<p><strong>Puesta en marcha:<\/strong><strong style=\"color: var( --e-global-color-primary ); font-family: var( --e-global-typography-text-font-family ), Sans-serif; font-size: 1rem;\">\u00a0<\/strong><\/p><p>Tr\u00e1mites generales:<\/p><ul><li>Agencia Tributaria (AEAT): Alta en el Censo de empresarios, profesionales y retenedores<\/li><li>Agencia Tributaria (AEAT): Impuesto sobre Actividades Econ\u00f3micas (exentas las empresas de nueva creaci\u00f3n durante los dos primeros ejercicios) y presentaci\u00f3n del contrato privado si la participaci\u00f3n de los comuneros en la Comunidad no es igualitaria<\/li><li>Tesorer\u00eda General de la Seguridad Social: Alta en el r\u00e9gimen especial de trabajadores aut\u00f3nomos (RETA)<\/li><li>Registro Mercantil Provincial: Legalizaci\u00f3n del Libro Diario y del Libro de Inventarios y Cuentas Anuales<\/li><li>Autoridades de certificaci\u00f3n: Obtenci\u00f3n de un certificado electr\u00f3nico<\/li><\/ul><div>\u00a0<\/div><p>Tr\u00e1mites seg\u00fan la actividad:<\/p><ul><li>Ayuntamientos: Licencia de actividad<\/li><li>Otros organismos oficiales y\/o registros: Inscripci\u00f3n en otros organismos oficiales y\/o registro<\/li><\/ul><div>\u00a0<\/div><div>Tr\u00e1mites en caso de contratar trabajadores:<\/div><p>\u00a0<\/p><ul><li>Tesorer\u00eda General de la Seguridad Social: Inscripci\u00f3n de la empresa<\/li><li>Tesorer\u00eda General de la Seguridad Social: Afiliaci\u00f3n de trabajadores (en el supuesto de que no est\u00e9n afiliados)<\/li><li>Tesorer\u00eda General de la Seguridad Social: Alta de los trabajadores en el R\u00e9gimen de la Seguridad Social<\/li><li>Servicio P\u00fablico de Empleo Estatal: Alta de los contratos de trabajo<\/li><li>Consejer\u00eda de Trabajo de la Comunidad Aut\u00f3noma: Comunicaci\u00f3n de apertura del centro de trabajo<\/li><li>Inspecci\u00f3n Provincial de Trabajo: Obtenci\u00f3n del calendario laboral<\/li><\/ul><div>\u00a0<\/div><p><span style=\"color: var( --e-global-color-primary ); font-family: var( --e-global-typography-text-font-family ), Sans-serif; font-size: 1rem;\">Tr\u00e1mites complementarios<\/span><\/p><ul><li>Oficina Espa\u00f1ola de Patentes y Marcas: Registro de signos distintivos<\/li><\/ul>\t\t\t\t\t\t<\/div>\n\t\t\t\t<\/div>\n\t\t\t\t\t<\/div>\n\t\t<\/div>\n\t\t\t\t\t\t\t<\/div>\n\t\t<\/section>\n\t\t\t\t<section class=\"elementor-section elementor-top-section elementor-element elementor-element-7962f35 elementor-section-boxed elementor-section-height-default elementor-section-height-default\" data-id=\"7962f35\" data-element_type=\"section\">\n\t\t\t\t\t\t<div class=\"elementor-container elementor-column-gap-default\">\n\t\t\t\t\t<div class=\"elementor-column elementor-col-100 elementor-top-column elementor-element elementor-element-315722b\" data-id=\"315722b\" data-element_type=\"column\">\n\t\t\t<div class=\"elementor-widget-wrap elementor-element-populated\">\n\t\t\t\t\t\t\t\t<div class=\"elementor-element elementor-element-a7b4443 elementor-widget elementor-widget-text-editor\" data-id=\"a7b4443\" data-element_type=\"widget\" data-widget_type=\"text-editor.default\">\n\t\t\t\t<div class=\"elementor-widget-container\">\n\t\t\t\t\t\t\t<p><strong>\u00a0<\/strong><\/p><p><strong>&#8211;&gt; En algunas Comunidades Aut\u00f3nomas\u00a0existe tambi\u00e9n la posibilidad de<\/strong><span style=\"color: var( --e-global-color-primary ); font-family: var( --e-global-typography-text-font-family ), Sans-serif; font-size: 1rem;\"><b>\u00a0tramitaci\u00f3n telem\u00e1tica de esta forma jur\u00eddica.<\/b><\/span><\/p><p><span style=\"color: var( --e-global-color-primary ); font-family: var( --e-global-typography-text-font-family ), Sans-serif; font-size: 1rem;\"><b>Toda la informaci\u00f3n relativa a esta opci\u00f3n en la p\u00e1gina de<\/b><\/span><b><span style=\"color: var( --e-global-color-primary ); font-family: var( --e-global-typography-text-font-family ), Sans-serif; font-size: 1rem;\">\u00a0<\/span><a style=\"font-family: var( --e-global-typography-text-font-family ), Sans-serif; font-size: 1rem;\" title=\"Nueva ventana. Creaci\u00f3n de empresas por Internet\" href=\"https:\/\/paeelectronico.es\/es-es\/Servicios\/Paginas\/Creacion-y-cese-de-empresas.aspx\" target=\"_blank\" rel=\"noopener\">creaci\u00f3n de empresas por Internet<\/a><span style=\"font-family: var( --e-global-typography-text-font-family ), Sans-serif;\"><span style=\"color: var( --e-global-color-primary ); font-size: 1rem;\"> (CIRCE) y en la <a href=\"http:\/\/www.ipyme.org\/es-ES\/DecisionEmprender\/FormasJuridicas\/Paginas\/FormasJuridicas-Descripcion.aspx?cod=CBI&amp;nombre=Comunidad%20de%20Bienes&amp;idioma=es-ES\">p\u00e1gina dedicada a la Comunidad de Bienes (secci\u00f3n\u00a0<\/a><\/span><\/span>Creaci\u00f3n<span style=\"font-family: var( --e-global-typography-text-font-family ), Sans-serif;\"><span style=\"color: var( --e-global-color-primary ); font-size: 1rem;\">\u00a0Telem\u00e1tica) del Ministerio de Industria, Comercio y Turismo\u00a0<\/span><\/span><\/b><\/p>\t\t\t\t\t\t<\/div>\n\t\t\t\t<\/div>\n\t\t\t\t\t<\/div>\n\t\t<\/div>\n\t\t\t\t\t\t\t<\/div>\n\t\t<\/section>\n\t\t\t\t\t\t\t<\/div>\n\t\t","protected":false},"excerpt":{"rendered":"<p>Toda la informaci\u00f3n en la p\u00e1gina del Ministerio de Industria, Comercio y Turismo Proceso de constituci\u00f3n: Tr\u00e1mite privado: Todos los comuneros firmaran un contrato privado en el que se detalle la naturaleza de las aportaciones y porcentaje de participaci\u00f3n que cada comunero tiene en las p\u00e9rdidas y ganancias de la Comunidad de Bienes \u00a0 Cada [&hellip;]<\/p>\n","protected":false},"author":9,"featured_media":0,"parent":0,"menu_order":0,"comment_status":"closed","ping_status":"closed","template":"","meta":[],"_links":{"self":[{"href":"https:\/\/emprendeuned.uned.es\/wordpress\/wp-json\/wp\/v2\/pages\/869"}],"collection":[{"href":"https:\/\/emprendeuned.uned.es\/wordpress\/wp-json\/wp\/v2\/pages"}],"about":[{"href":"https:\/\/emprendeuned.uned.es\/wordpress\/wp-json\/wp\/v2\/types\/page"}],"author":[{"embeddable":true,"href":"https:\/\/emprendeuned.uned.es\/wordpress\/wp-json\/wp\/v2\/users\/9"}],"replies":[{"embeddable":true,"href":"https:\/\/emprendeuned.uned.es\/wordpress\/wp-json\/wp\/v2\/comments?post=869"}],"version-history":[{"count":34,"href":"https:\/\/emprendeuned.uned.es\/wordpress\/wp-json\/wp\/v2\/pages\/869\/revisions"}],"predecessor-version":[{"id":904,"href":"https:\/\/emprendeuned.uned.es\/wordpress\/wp-json\/wp\/v2\/pages\/869\/revisions\/904"}],"wp:attachment":[{"href":"https:\/\/emprendeuned.uned.es\/wordpress\/wp-json\/wp\/v2\/media?parent=869"}],"curies":[{"name":"wp","href":"https:\/\/api.w.org\/{rel}","templated":true}]}}