{"id":862,"date":"2022-06-11T18:17:26","date_gmt":"2022-06-11T16:17:26","guid":{"rendered":"https:\/\/emprende.inteccauned.es\/wordpress\/?page_id=862"},"modified":"2022-06-11T18:40:36","modified_gmt":"2022-06-11T16:40:36","slug":"pasos-a-seguir-para-la-sociedad-laboral","status":"publish","type":"page","link":"https:\/\/emprendeuned.uned.es\/wordpress\/pasos-a-seguir-para-la-sociedad-laboral\/","title":{"rendered":"Pasos a seguir para la Sociedad Laboral"},"content":{"rendered":"\t\t<div data-elementor-type=\"wp-page\" data-elementor-id=\"862\" class=\"elementor elementor-862\">\n\t\t\t\t\t\t\t\t\t<section class=\"elementor-section elementor-top-section elementor-element elementor-element-14ce373 elementor-section-boxed elementor-section-height-default elementor-section-height-default\" data-id=\"14ce373\" data-element_type=\"section\">\n\t\t\t\t\t\t<div class=\"elementor-container elementor-column-gap-default\">\n\t\t\t\t\t<div class=\"elementor-column elementor-col-100 elementor-top-column elementor-element elementor-element-4d45247\" data-id=\"4d45247\" data-element_type=\"column\">\n\t\t\t<div class=\"elementor-widget-wrap elementor-element-populated\">\n\t\t\t\t\t\t\t\t<div class=\"elementor-element elementor-element-1a12691 elementor-widget elementor-widget-text-editor\" data-id=\"1a12691\" data-element_type=\"widget\" data-widget_type=\"text-editor.default\">\n\t\t\t\t<div class=\"elementor-widget-container\">\n\t\t\t<style>\/*! elementor - v3.7.8 - 02-10-2022 *\/\n.elementor-widget-text-editor.elementor-drop-cap-view-stacked .elementor-drop-cap{background-color:#818a91;color:#fff}.elementor-widget-text-editor.elementor-drop-cap-view-framed .elementor-drop-cap{color:#818a91;border:3px solid;background-color:transparent}.elementor-widget-text-editor:not(.elementor-drop-cap-view-default) .elementor-drop-cap{margin-top:8px}.elementor-widget-text-editor:not(.elementor-drop-cap-view-default) .elementor-drop-cap-letter{width:1em;height:1em}.elementor-widget-text-editor .elementor-drop-cap{float:left;text-align:center;line-height:1;font-size:50px}.elementor-widget-text-editor .elementor-drop-cap-letter{display:inline-block}<\/style>\t\t\t\t<p><span style=\"text-decoration: underline;\">Sociedad de Responsabilidad Limitada Laboral<\/span><\/p>\t\t\t\t\t\t<\/div>\n\t\t\t\t<\/div>\n\t\t\t\t\t<\/div>\n\t\t<\/div>\n\t\t\t\t\t\t\t<\/div>\n\t\t<\/section>\n\t\t\t\t<section class=\"elementor-section elementor-top-section elementor-element elementor-element-f37c679 elementor-section-boxed elementor-section-height-default elementor-section-height-default\" data-id=\"f37c679\" data-element_type=\"section\">\n\t\t\t\t\t\t<div class=\"elementor-container elementor-column-gap-default\">\n\t\t\t\t\t<div class=\"elementor-column elementor-col-100 elementor-top-column elementor-element elementor-element-1fb6760\" data-id=\"1fb6760\" data-element_type=\"column\">\n\t\t\t<div class=\"elementor-widget-wrap elementor-element-populated\">\n\t\t\t\t\t\t\t\t<div class=\"elementor-element elementor-element-59d33ae elementor-widget elementor-widget-text-editor\" data-id=\"59d33ae\" data-element_type=\"widget\" data-widget_type=\"text-editor.default\">\n\t\t\t\t<div class=\"elementor-widget-container\">\n\t\t\t\t\t\t\t<p>Toda la informaci\u00f3n en la<span style=\"text-decoration: underline;\"> <a href=\"http:\/\/www.ipyme.org\/es-ES\/DecisionEmprender\/FormasJuridicas\/Paginas\/FormasJuridicas-Descripcion.aspx?cod=SLL&amp;nombre=Sociedad%20de%20Responsabilidad%20Limitada%20Laboral&amp;idioma=es-ES\">p\u00e1gina del Ministerio de Industria, Comercio y Turismo<\/a><\/span><\/p>\t\t\t\t\t\t<\/div>\n\t\t\t\t<\/div>\n\t\t\t\t\t<\/div>\n\t\t<\/div>\n\t\t\t\t\t\t\t<\/div>\n\t\t<\/section>\n\t\t\t\t<section class=\"elementor-section elementor-top-section elementor-element elementor-element-b0ea608 elementor-section-boxed elementor-section-height-default elementor-section-height-default\" data-id=\"b0ea608\" data-element_type=\"section\">\n\t\t\t\t\t\t<div class=\"elementor-container elementor-column-gap-default\">\n\t\t\t\t\t<div class=\"elementor-column elementor-col-100 elementor-top-column elementor-element elementor-element-689622e\" data-id=\"689622e\" data-element_type=\"column\">\n\t\t\t<div class=\"elementor-widget-wrap elementor-element-populated\">\n\t\t\t\t\t\t\t\t<div class=\"elementor-element elementor-element-6610029 elementor-widget elementor-widget-text-editor\" data-id=\"6610029\" data-element_type=\"widget\" data-widget_type=\"text-editor.default\">\n\t\t\t\t<div class=\"elementor-widget-container\">\n\t\t\t\t\t\t\t<p><strong>Proceso de constituci\u00f3n:<br \/><\/strong><\/p><ul id=\"Tramites\"><li><span class=\"org\">Registro Mercantil Central:<\/span> <a id=\"ctl00_PlaceHolderMain_formulario_TabContainer1_TabPanel1_rptListadotramites_ctl00_lnkTramite\"><\/a>Certificaci\u00f3n negativa del nombre de la sociedad\u00a0<\/li><li><span class=\"org\">Agencia Tributaria (AEAT):<\/span> <a id=\"ctl00_PlaceHolderMain_formulario_TabContainer1_TabPanel1_rptListadotramites_ctl01_lnkTramite\"><\/a>N\u00famero de identificaci\u00f3n fiscal\u00a0<\/li><li><span class=\"org\">Notario:<\/span> <a id=\"ctl00_PlaceHolderMain_formulario_TabContainer1_TabPanel1_rptListadotramites_ctl02_lnkTramite\"><\/a>Escritura p\u00fablica\u00a0<\/li><li><span class=\"org\">Consejer\u00edas de Hacienda de las CC.AA.:<\/span> <a id=\"ctl00_PlaceHolderMain_formulario_TabContainer1_TabPanel1_rptListadotramites_ctl03_lnkTramite\"><\/a>Impuesto sobre transmisiones patrimoniales y actos jur\u00eddicos documentados\u00a0<p class=\"letrapqna\">NOTA: Las sociedades laborales gozan con car\u00e1cter general de una bonificaci\u00f3n del 99% en el Impuesto sobre Transmisiones Patrimoniales y Actos Jur\u00eddicos Documentados, y exenci\u00f3n en este Impuesto sobre las cuotas devengadas por operaciones societarias de constituci\u00f3n y aumento del capital.<\/p><\/li><li><span class=\"org\">Ministerio de Trabajo y Econom\u00eda Social (o comunidad aut\u00f3noma) :<\/span> <span id=\"ctl00_PlaceHolderMain_formulario_TabContainer1_TabPanel1_rptListadotramites_ctl04_noenlace\">Calificaci\u00f3n de la Sociedad Laboral<\/span> \u00a0<\/li><li><span class=\"org\">Registro de Sociedades Laborales del Ministerio de Trabajo y Econom\u00eda Social (o de la comunidad aut\u00f3noma):<\/span> <span id=\"ctl00_PlaceHolderMain_formulario_TabContainer1_TabPanel1_rptListadotramites_ctl05_noenlace\">Inscripci\u00f3n de la empresa en el Registro de Sociedades Laborales<\/span> \u00a0<\/li><li><span class=\"org\">Registro Mercantil Provincial:<\/span> <a id=\"ctl00_PlaceHolderMain_formulario_TabContainer1_TabPanel1_rptListadotramites_ctl06_lnkTramite\"><\/a>Inscripci\u00f3n de la empresa en el Registro\u00a0<\/li><\/ul><p><strong>\u00a0<\/strong><\/p>\t\t\t\t\t\t<\/div>\n\t\t\t\t<\/div>\n\t\t\t\t\t<\/div>\n\t\t<\/div>\n\t\t\t\t\t\t\t<\/div>\n\t\t<\/section>\n\t\t\t\t<section class=\"elementor-section elementor-top-section elementor-element elementor-element-b411568 elementor-section-boxed elementor-section-height-default elementor-section-height-default\" data-id=\"b411568\" data-element_type=\"section\">\n\t\t\t\t\t\t<div class=\"elementor-container elementor-column-gap-default\">\n\t\t\t\t\t<div class=\"elementor-column elementor-col-100 elementor-top-column elementor-element elementor-element-1dc4778\" data-id=\"1dc4778\" data-element_type=\"column\">\n\t\t\t<div class=\"elementor-widget-wrap elementor-element-populated\">\n\t\t\t\t\t\t\t\t<div class=\"elementor-element elementor-element-c5ee401 elementor-widget elementor-widget-text-editor\" data-id=\"c5ee401\" data-element_type=\"widget\" data-widget_type=\"text-editor.default\">\n\t\t\t\t<div class=\"elementor-widget-container\">\n\t\t\t\t\t\t\t<p><strong>Puesta en marcha:<br \/><br \/><\/strong>Tr\u00e1mites generales:<br \/><\/p><ul id=\"PuestaEnMarcha\"><li><span class=\"org\">Agencia Tributaria (AEAT)<\/span>: <a id=\"ctl00_PlaceHolderMain_formulario_TabContainer1_TabPanel2_rptListadoPuestaEnMarcha_ctl00_lnkTramitePuMarcha\" tabindex=\"0\"><\/a>Alta en el Censo de empresarios, profesionales y retenedores<\/li><li><span class=\"org\">Agencia Tributaria (AEAT)<\/span>: <a id=\"ctl00_PlaceHolderMain_formulario_TabContainer1_TabPanel2_rptListadoPuestaEnMarcha_ctl01_lnkTramitePuMarcha\" tabindex=\"0\"><\/a>Impuesto sobre Actividades Econ\u00f3micas<span class=\"Label1\"> (exentas las empresas de nueva creaci\u00f3n durante los dos primeros ejercicios) <\/span><\/li><li><span class=\"org\">Tesorer\u00eda General de la Seguridad Social<\/span>: <a id=\"ctl00_PlaceHolderMain_formulario_TabContainer1_TabPanel2_rptListadoPuestaEnMarcha_ctl02_lnkTramitePuMarcha\" tabindex=\"0\"><\/a>Alta de los socios y administradores en los reg\u00edmenes de la Seguridad Social<\/li><li><span class=\"org\">Registro Mercantil Provincial<\/span>: <a id=\"ctl00_PlaceHolderMain_formulario_TabContainer1_TabPanel2_rptListadoPuestaEnMarcha_ctl03_lnkTramitePuMarcha\" tabindex=\"0\"><\/a>Legalizaci\u00f3n del Libro de actas, del Libro registro de socios, del Libro-registro de acciones nominativas y del Libro registro de contratos entre el socio \u00fanico y la sociedad<\/li><li><span class=\"org\">Registro Mercantil Provincial<\/span>: <a id=\"ctl00_PlaceHolderMain_formulario_TabContainer1_TabPanel2_rptListadoPuestaEnMarcha_ctl04_lnkTramitePuMarcha\" tabindex=\"0\"><\/a>Legalizaci\u00f3n del Libro Diario y del Libro de Inventarios y Cuentas Anuales<\/li><li><span class=\"org\">Autoridades de certificaci\u00f3n<\/span>: <a id=\"ctl00_PlaceHolderMain_formulario_TabContainer1_TabPanel2_rptListadoPuestaEnMarcha_ctl05_lnkTramitePuMarcha\" tabindex=\"0\"><\/a>Obtenci\u00f3n de un certificado electr\u00f3nico<\/li><\/ul><p><br \/>Tr\u00e1mites seg\u00fan la actividad:<\/p><ul id=\"PuestaEnMarcha\"><li><span class=\"org\">Ayuntamientos<\/span>: <a id=\"ctl00_PlaceHolderMain_formulario_TabContainer1_TabPanel2_rptListadoPuestaEnMarcha_ctl06_lnkTramitePuMarcha\" tabindex=\"0\"><\/a>Licencia de actividad<\/li><li><span class=\"org\">Otros organismos oficiales y\/o registros<\/span>: <a id=\"ctl00_PlaceHolderMain_formulario_TabContainer1_TabPanel2_rptListadoPuestaEnMarcha_ctl07_lnkTramitePuMarcha\" tabindex=\"0\"><\/a>Inscripci\u00f3n en otros organismos oficiales y\/o registros<\/li><\/ul><p><br \/>Tr\u00e1mites en caso de contratar trabajadores:<\/p><ul id=\"PuestaEnMarcha\"><li><span class=\"org\">Tesorer\u00eda General de la Seguridad Social<\/span>: <a id=\"ctl00_PlaceHolderMain_formulario_TabContainer1_TabPanel2_rptListadoPuestaEnMarcha_ctl08_lnkTramitePuMarcha\" tabindex=\"0\"><\/a>Inscripci\u00f3n de la empresa<\/li><li><span class=\"org\">Tesorer\u00eda General de la Seguridad Social<\/span>: <a id=\"ctl00_PlaceHolderMain_formulario_TabContainer1_TabPanel2_rptListadoPuestaEnMarcha_ctl09_lnkTramitePuMarcha\" tabindex=\"0\"><\/a>Afiliaci\u00f3n de trabajadores<span class=\"Label1\"> (en el supuesto de que no est\u00e9n afiliados)<\/span><\/li><li><span class=\"org\">Tesorer\u00eda General de la Seguridad Social<\/span>: <a id=\"ctl00_PlaceHolderMain_formulario_TabContainer1_TabPanel2_rptListadoPuestaEnMarcha_ctl10_lnkTramitePuMarcha\" tabindex=\"0\"><\/a>Alta de los trabajadores en el R\u00e9gimen de la Seguridad Social<\/li><li><span class=\"org\">Servicio P\u00fablico de Empleo Estatal<\/span>: <a id=\"ctl00_PlaceHolderMain_formulario_TabContainer1_TabPanel2_rptListadoPuestaEnMarcha_ctl11_lnkTramitePuMarcha\" tabindex=\"0\"><\/a>Alta de los contratos de trabajo<\/li><li><span class=\"org\">Consejer\u00eda de Trabajo de la Comunidad Aut\u00f3noma<\/span>: <a id=\"ctl00_PlaceHolderMain_formulario_TabContainer1_TabPanel2_rptListadoPuestaEnMarcha_ctl12_lnkTramitePuMarcha\" tabindex=\"0\"><\/a>Comunicaci\u00f3n de apertura del centro de trabajo<\/li><li><span class=\"org\">Inspecci\u00f3n Provincial de Trabajo<\/span>: <a id=\"ctl00_PlaceHolderMain_formulario_TabContainer1_TabPanel2_rptListadoPuestaEnMarcha_ctl13_lnkTramitePuMarcha\" tabindex=\"0\"><\/a>Obtenci\u00f3n del calendario laboral<\/li><\/ul><p><br \/>Tr\u00e1mites complementarios:<\/p><ul id=\"PuestaEnMarcha\"><li><span class=\"org\">Oficina Espa\u00f1ola de Patentes y Marcas<\/span>: <a id=\"ctl00_PlaceHolderMain_formulario_TabContainer1_TabPanel2_rptListadoPuestaEnMarcha_ctl14_lnkTramitePuMarcha\" tabindex=\"0\"><\/a>Registro de signos distintivos<\/li><\/ul>\t\t\t\t\t\t<\/div>\n\t\t\t\t<\/div>\n\t\t\t\t\t<\/div>\n\t\t<\/div>\n\t\t\t\t\t\t\t<\/div>\n\t\t<\/section>\n\t\t\t\t<section class=\"elementor-section elementor-top-section elementor-element elementor-element-a23836a elementor-section-boxed elementor-section-height-default elementor-section-height-default\" data-id=\"a23836a\" data-element_type=\"section\">\n\t\t\t\t\t\t<div class=\"elementor-container elementor-column-gap-default\">\n\t\t\t\t\t<div class=\"elementor-column elementor-col-100 elementor-top-column elementor-element elementor-element-3e1d069\" data-id=\"3e1d069\" data-element_type=\"column\">\n\t\t\t<div class=\"elementor-widget-wrap elementor-element-populated\">\n\t\t\t\t\t\t\t\t<div class=\"elementor-element elementor-element-89ef633 elementor-widget elementor-widget-text-editor\" data-id=\"89ef633\" data-element_type=\"widget\" data-widget_type=\"text-editor.default\">\n\t\t\t\t<div class=\"elementor-widget-container\">\n\t\t\t\t\t\t\t<p><span style=\"text-decoration: underline;\"><br><\/span><\/p><p><span style=\"text-decoration: underline;\">Sociedad An\u00f3nima Laboral<\/span><\/p>\t\t\t\t\t\t<\/div>\n\t\t\t\t<\/div>\n\t\t\t\t\t<\/div>\n\t\t<\/div>\n\t\t\t\t\t\t\t<\/div>\n\t\t<\/section>\n\t\t\t\t<section class=\"elementor-section elementor-top-section elementor-element elementor-element-e9feaf7 elementor-section-boxed elementor-section-height-default elementor-section-height-default\" data-id=\"e9feaf7\" data-element_type=\"section\">\n\t\t\t\t\t\t<div class=\"elementor-container elementor-column-gap-default\">\n\t\t\t\t\t<div class=\"elementor-column elementor-col-100 elementor-top-column elementor-element elementor-element-46c4f77\" data-id=\"46c4f77\" data-element_type=\"column\">\n\t\t\t<div class=\"elementor-widget-wrap elementor-element-populated\">\n\t\t\t\t\t\t\t\t<div class=\"elementor-element elementor-element-2b70475 elementor-widget elementor-widget-text-editor\" data-id=\"2b70475\" data-element_type=\"widget\" data-widget_type=\"text-editor.default\">\n\t\t\t\t<div class=\"elementor-widget-container\">\n\t\t\t\t\t\t\t<p>Toda la informaci\u00f3n en la <a href=\"http:\/\/www.ipyme.org\/es-ES\/DecisionEmprender\/FormasJuridicas\/Paginas\/FormasJuridicas-Descripcion.aspx?cod=SAL&amp;nombre=Sociedad%20An\u00f3nima%20Laboral&amp;idioma=es-ES\"><span style=\"text-decoration: underline;\">p\u00e1gina del Ministerio de Industria, Comercio y Turismo<\/span><\/a><\/p>\t\t\t\t\t\t<\/div>\n\t\t\t\t<\/div>\n\t\t\t\t\t<\/div>\n\t\t<\/div>\n\t\t\t\t\t\t\t<\/div>\n\t\t<\/section>\n\t\t\t\t<section class=\"elementor-section elementor-top-section elementor-element elementor-element-d11be4b elementor-section-boxed elementor-section-height-default elementor-section-height-default\" data-id=\"d11be4b\" data-element_type=\"section\">\n\t\t\t\t\t\t<div class=\"elementor-container elementor-column-gap-default\">\n\t\t\t\t\t<div class=\"elementor-column elementor-col-100 elementor-top-column elementor-element elementor-element-6073e6b\" data-id=\"6073e6b\" data-element_type=\"column\">\n\t\t\t<div class=\"elementor-widget-wrap elementor-element-populated\">\n\t\t\t\t\t\t\t\t<div class=\"elementor-element elementor-element-be18b9f elementor-widget elementor-widget-text-editor\" data-id=\"be18b9f\" data-element_type=\"widget\" data-widget_type=\"text-editor.default\">\n\t\t\t\t<div class=\"elementor-widget-container\">\n\t\t\t\t\t\t\t<p><strong>Proceso de constituci\u00f3n:<br \/><\/strong><\/p><ul id=\"Tramites\"><li><span class=\"org\">Registro Mercantil Central:<\/span> <a id=\"ctl00_PlaceHolderMain_formulario_TabContainer1_TabPanel1_rptListadotramites_ctl00_lnkTramite\"><\/a>Certificaci\u00f3n negativa del nombre de la sociedad\u00a0<\/li><li><span class=\"org\">Agencia Tributaria (AEAT):<\/span> <a id=\"ctl00_PlaceHolderMain_formulario_TabContainer1_TabPanel1_rptListadotramites_ctl01_lnkTramite\"><\/a>N\u00famero de identificaci\u00f3n fiscal\u00a0<\/li><li><span class=\"org\">Notario:<\/span> <a id=\"ctl00_PlaceHolderMain_formulario_TabContainer1_TabPanel1_rptListadotramites_ctl02_lnkTramite\"><\/a>Escritura p\u00fablica\u00a0<\/li><li><span class=\"org\">Consejer\u00edas de Hacienda de las CC.AA.:<\/span> <a id=\"ctl00_PlaceHolderMain_formulario_TabContainer1_TabPanel1_rptListadotramites_ctl03_lnkTramite\"><\/a>Impuesto sobre transmisiones patrimoniales y actos jur\u00eddicos documentados\u00a0<p class=\"letrapqna\">NOTA: Las sociedades laborales gozan con car\u00e1cter general de una bonificaci\u00f3n del 99% en el Impuesto sobre Transmisiones Patrimoniales y Actos Jur\u00eddicos Documentados, y exenci\u00f3n en este Impuesto sobre las cuotas devengadas por operaciones societarias de constituci\u00f3n y aumento del capital.<\/p><\/li><li><span class=\"org\">Ministerio de Trabajo y Econom\u00eda Social (o comunidad aut\u00f3noma) :<\/span> <span id=\"ctl00_PlaceHolderMain_formulario_TabContainer1_TabPanel1_rptListadotramites_ctl04_noenlace\">Calificaci\u00f3n de la Sociedad Laboral<\/span> \u00a0<\/li><li><span class=\"org\">Registro de Sociedades Laborales del Ministerio de Trabajo y Econom\u00eda Social (o de la comunidad aut\u00f3noma):<\/span> <span id=\"ctl00_PlaceHolderMain_formulario_TabContainer1_TabPanel1_rptListadotramites_ctl05_noenlace\">Inscripci\u00f3n de la empresa en el Registro de Sociedades Laborales<\/span> \u00a0<\/li><li><span class=\"org\">Registro Mercantil Provincial:<\/span> <a id=\"ctl00_PlaceHolderMain_formulario_TabContainer1_TabPanel1_rptListadotramites_ctl06_lnkTramite\"><\/a>Inscripci\u00f3n de la empresa en el Registro\u00a0<\/li><\/ul><p><strong>\u00a0<\/strong><\/p>\t\t\t\t\t\t<\/div>\n\t\t\t\t<\/div>\n\t\t\t\t\t<\/div>\n\t\t<\/div>\n\t\t\t\t\t\t\t<\/div>\n\t\t<\/section>\n\t\t\t\t<section class=\"elementor-section elementor-top-section elementor-element elementor-element-bf98cc5 elementor-section-boxed elementor-section-height-default elementor-section-height-default\" data-id=\"bf98cc5\" data-element_type=\"section\">\n\t\t\t\t\t\t<div class=\"elementor-container elementor-column-gap-default\">\n\t\t\t\t\t<div class=\"elementor-column elementor-col-100 elementor-top-column elementor-element elementor-element-7758d30\" data-id=\"7758d30\" data-element_type=\"column\">\n\t\t\t<div class=\"elementor-widget-wrap elementor-element-populated\">\n\t\t\t\t\t\t\t\t<div class=\"elementor-element elementor-element-239e1f6 elementor-widget elementor-widget-text-editor\" data-id=\"239e1f6\" data-element_type=\"widget\" data-widget_type=\"text-editor.default\">\n\t\t\t\t<div class=\"elementor-widget-container\">\n\t\t\t\t\t\t\t<p><strong>Puesta en marcha:<br \/><br \/><\/strong>Tr\u00e1mites generales:<\/p><ul id=\"PuestaEnMarcha\"><li><span class=\"org\">Agencia Tributaria (AEAT)<\/span>: <a id=\"ctl00_PlaceHolderMain_formulario_TabContainer1_TabPanel2_rptListadoPuestaEnMarcha_ctl00_lnkTramitePuMarcha\"><\/a>Alta en el Censo de empresarios, profesionales y retenedores<\/li><li><span class=\"org\">Agencia Tributaria (AEAT)<\/span>: <a id=\"ctl00_PlaceHolderMain_formulario_TabContainer1_TabPanel2_rptListadoPuestaEnMarcha_ctl01_lnkTramitePuMarcha\"><\/a>Impuesto sobre Actividades Econ\u00f3micas<span class=\"Label1\"> (exentas las empresas de nueva creaci\u00f3n durante los dos primeros ejercicios) <\/span><\/li><li><span class=\"org\">Tesorer\u00eda General de la Seguridad Social<\/span>: <a id=\"ctl00_PlaceHolderMain_formulario_TabContainer1_TabPanel2_rptListadoPuestaEnMarcha_ctl02_lnkTramitePuMarcha\"><\/a>Alta de los socios y administradores en los reg\u00edmenes de la Seguridad Social<\/li><li><span class=\"org\">Registro Mercantil Provincial<\/span>: <a id=\"ctl00_PlaceHolderMain_formulario_TabContainer1_TabPanel2_rptListadoPuestaEnMarcha_ctl03_lnkTramitePuMarcha\"><\/a>Legalizaci\u00f3n del Libro de actas, del Libro registro de socios, del Libro-registro de acciones nominativas y del Libro registro de contratos entre el socio \u00fanico y la sociedad<\/li><li><span class=\"org\">Registro Mercantil Provincial<\/span>: <a id=\"ctl00_PlaceHolderMain_formulario_TabContainer1_TabPanel2_rptListadoPuestaEnMarcha_ctl04_lnkTramitePuMarcha\"><\/a>Legalizaci\u00f3n del Libro Diario y del Libro de Inventarios y Cuentas Anuales<\/li><li><span class=\"org\">Autoridades de certificaci\u00f3n<\/span>: <a id=\"ctl00_PlaceHolderMain_formulario_TabContainer1_TabPanel2_rptListadoPuestaEnMarcha_ctl05_lnkTramitePuMarcha\"><\/a>Obtenci\u00f3n de un certificado electr\u00f3nico<\/li><\/ul><p><span class=\"tituloforma-esp\"><br \/>Tr\u00e1mites seg\u00fan la actividad:<br \/><\/span><\/p><ul id=\"PuestaEnMarcha\"><li><span class=\"org\">Ayuntamientos<\/span>: <a id=\"ctl00_PlaceHolderMain_formulario_TabContainer1_TabPanel2_rptListadoPuestaEnMarcha_ctl06_lnkTramitePuMarcha\"><\/a>Licencia de actividad<\/li><li><span class=\"org\">Otros organismos oficiales y\/o registros<\/span>: <a id=\"ctl00_PlaceHolderMain_formulario_TabContainer1_TabPanel2_rptListadoPuestaEnMarcha_ctl07_lnkTramitePuMarcha\"><\/a>Inscripci\u00f3n en otros organismos oficiales y\/o registros<\/li><\/ul><p><span class=\"tituloforma-esp\"><br \/>Tr\u00e1mites en caso de contratar trabajadores:<br \/><\/span><\/p><ul id=\"PuestaEnMarcha\"><li><span class=\"org\">Tesorer\u00eda General de la Seguridad Social<\/span>: <a id=\"ctl00_PlaceHolderMain_formulario_TabContainer1_TabPanel2_rptListadoPuestaEnMarcha_ctl08_lnkTramitePuMarcha\"><\/a>Inscripci\u00f3n de la empresa<\/li><li><span class=\"org\">Tesorer\u00eda General de la Seguridad Social<\/span>: <a id=\"ctl00_PlaceHolderMain_formulario_TabContainer1_TabPanel2_rptListadoPuestaEnMarcha_ctl09_lnkTramitePuMarcha\"><\/a>Afiliaci\u00f3n de trabajadores<span class=\"Label1\"> (en el supuesto de que no est\u00e9n afiliados)<\/span><\/li><li><span class=\"org\">Tesorer\u00eda General de la Seguridad Social<\/span>: <a id=\"ctl00_PlaceHolderMain_formulario_TabContainer1_TabPanel2_rptListadoPuestaEnMarcha_ctl10_lnkTramitePuMarcha\"><\/a>Alta de los trabajadores en el R\u00e9gimen de la Seguridad Social<\/li><li><span class=\"org\">Servicio P\u00fablico de Empleo Estatal<\/span>: <a id=\"ctl00_PlaceHolderMain_formulario_TabContainer1_TabPanel2_rptListadoPuestaEnMarcha_ctl11_lnkTramitePuMarcha\"><\/a>Alta de los contratos de trabajo<\/li><li><span class=\"org\">Consejer\u00eda de Trabajo de la Comunidad Aut\u00f3noma<\/span>: <a id=\"ctl00_PlaceHolderMain_formulario_TabContainer1_TabPanel2_rptListadoPuestaEnMarcha_ctl12_lnkTramitePuMarcha\"><\/a>Comunicaci\u00f3n de apertura del centro de trabajo<\/li><li><span class=\"org\">Inspecci\u00f3n Provincial de Trabajo<\/span>: <a id=\"ctl00_PlaceHolderMain_formulario_TabContainer1_TabPanel2_rptListadoPuestaEnMarcha_ctl13_lnkTramitePuMarcha\"><\/a>Obtenci\u00f3n del calendario laboral<\/li><\/ul><p><span class=\"tituloforma-esp\"><br \/>Tr\u00e1mites complementarios:<br \/><\/span><\/p><ul id=\"PuestaEnMarcha\"><li><span class=\"org\">Oficina Espa\u00f1ola de Patentes y Marcas<\/span>: <a id=\"ctl00_PlaceHolderMain_formulario_TabContainer1_TabPanel2_rptListadoPuestaEnMarcha_ctl14_lnkTramitePuMarcha\"><\/a>Registro de signos distintivos<\/li><\/ul><p><span id=\"ctl00_PlaceHolderMain_formulario_TabContainer1_TabPanel2_rptListadoPuestaEnMarcha_ctl14_tipoTramite\" class=\"tituloforma-esp\">\u00a0<\/span><\/p><p><span id=\"ctl00_PlaceHolderMain_formulario_TabContainer1_TabPanel2_rptListadoPuestaEnMarcha_ctl08_tipoTramite\" class=\"tituloforma-esp\"><br \/><br \/><\/span><\/p><p><span id=\"ctl00_PlaceHolderMain_formulario_TabContainer1_TabPanel2_rptListadoPuestaEnMarcha_ctl06_tipoTramite\" class=\"tituloforma-esp\">\u00a0<\/span><\/p><p><strong>\u00a0<\/strong><\/p>\t\t\t\t\t\t<\/div>\n\t\t\t\t<\/div>\n\t\t\t\t\t<\/div>\n\t\t<\/div>\n\t\t\t\t\t\t\t<\/div>\n\t\t<\/section>\n\t\t\t\t\t\t\t<\/div>\n\t\t","protected":false},"excerpt":{"rendered":"<p>Sociedad de Responsabilidad Limitada Laboral Toda la informaci\u00f3n en la p\u00e1gina del Ministerio de Industria, Comercio y Turismo Proceso de constituci\u00f3n: Registro Mercantil Central: Certificaci\u00f3n negativa del nombre de la sociedad\u00a0 Agencia Tributaria (AEAT): N\u00famero de identificaci\u00f3n fiscal\u00a0 Notario: Escritura p\u00fablica\u00a0 Consejer\u00edas de Hacienda de las CC.AA.: Impuesto sobre transmisiones patrimoniales y actos jur\u00eddicos documentados\u00a0 [&hellip;]<\/p>\n","protected":false},"author":9,"featured_media":0,"parent":0,"menu_order":0,"comment_status":"closed","ping_status":"closed","template":"","meta":[],"_links":{"self":[{"href":"https:\/\/emprendeuned.uned.es\/wordpress\/wp-json\/wp\/v2\/pages\/862"}],"collection":[{"href":"https:\/\/emprendeuned.uned.es\/wordpress\/wp-json\/wp\/v2\/pages"}],"about":[{"href":"https:\/\/emprendeuned.uned.es\/wordpress\/wp-json\/wp\/v2\/types\/page"}],"author":[{"embeddable":true,"href":"https:\/\/emprendeuned.uned.es\/wordpress\/wp-json\/wp\/v2\/users\/9"}],"replies":[{"embeddable":true,"href":"https:\/\/emprendeuned.uned.es\/wordpress\/wp-json\/wp\/v2\/comments?post=862"}],"version-history":[{"count":3,"href":"https:\/\/emprendeuned.uned.es\/wordpress\/wp-json\/wp\/v2\/pages\/862\/revisions"}],"predecessor-version":[{"id":865,"href":"https:\/\/emprendeuned.uned.es\/wordpress\/wp-json\/wp\/v2\/pages\/862\/revisions\/865"}],"wp:attachment":[{"href":"https:\/\/emprendeuned.uned.es\/wordpress\/wp-json\/wp\/v2\/media?parent=862"}],"curies":[{"name":"wp","href":"https:\/\/api.w.org\/{rel}","templated":true}]}}