{"id":703,"date":"2022-06-09T13:02:04","date_gmt":"2022-06-09T11:02:04","guid":{"rendered":"https:\/\/emprende.inteccauned.es\/wordpress\/?page_id=703"},"modified":"2022-06-11T19:34:56","modified_gmt":"2022-06-11T17:34:56","slug":"pasos-a-seguir-para-el-empresario-de-responsabilidad-limitada","status":"publish","type":"page","link":"https:\/\/emprendeuned.uned.es\/wordpress\/pasos-a-seguir-para-el-empresario-de-responsabilidad-limitada\/","title":{"rendered":"Pasos a seguir para el Empresario de                      Responsabilidad Limitada"},"content":{"rendered":"\t\t<div data-elementor-type=\"wp-page\" data-elementor-id=\"703\" class=\"elementor elementor-703\">\n\t\t\t\t\t\t\t\t\t<section class=\"elementor-section elementor-top-section elementor-element elementor-element-540efe3 elementor-section-boxed elementor-section-height-default elementor-section-height-default\" data-id=\"540efe3\" data-element_type=\"section\">\n\t\t\t\t\t\t<div class=\"elementor-container elementor-column-gap-default\">\n\t\t\t\t\t<div class=\"elementor-column elementor-col-100 elementor-top-column elementor-element elementor-element-1688c74\" data-id=\"1688c74\" data-element_type=\"column\">\n\t\t\t<div class=\"elementor-widget-wrap elementor-element-populated\">\n\t\t\t\t\t\t\t\t<div class=\"elementor-element elementor-element-39886da elementor-widget elementor-widget-text-editor\" data-id=\"39886da\" data-element_type=\"widget\" data-widget_type=\"text-editor.default\">\n\t\t\t\t<div class=\"elementor-widget-container\">\n\t\t\t<style>\/*! elementor - v3.7.8 - 02-10-2022 *\/\n.elementor-widget-text-editor.elementor-drop-cap-view-stacked .elementor-drop-cap{background-color:#818a91;color:#fff}.elementor-widget-text-editor.elementor-drop-cap-view-framed .elementor-drop-cap{color:#818a91;border:3px solid;background-color:transparent}.elementor-widget-text-editor:not(.elementor-drop-cap-view-default) .elementor-drop-cap{margin-top:8px}.elementor-widget-text-editor:not(.elementor-drop-cap-view-default) .elementor-drop-cap-letter{width:1em;height:1em}.elementor-widget-text-editor .elementor-drop-cap{float:left;text-align:center;line-height:1;font-size:50px}.elementor-widget-text-editor .elementor-drop-cap-letter{display:inline-block}<\/style>\t\t\t\t<p>Toda la informaci\u00f3n y los detalles en la\u00a0<a href=\"http:\/\/www.ipyme.org\/es-ES\/DecisionEmprender\/FormasJuridicas\/Paginas\/FormasJuridicas-Descripcion.aspx?cod=ERL&amp;nombre=Emprendedor%20de%20Responsabilidad%20Limitada&amp;idioma=es-ES\">p\u00e1gina del Ministerio de Industria, Comercio e Turismo\u00a0<\/a><\/p>\t\t\t\t\t\t<\/div>\n\t\t\t\t<\/div>\n\t\t\t\t\t<\/div>\n\t\t<\/div>\n\t\t\t\t\t\t\t<\/div>\n\t\t<\/section>\n\t\t\t\t<section class=\"elementor-section elementor-top-section elementor-element elementor-element-468f9f3 elementor-section-boxed elementor-section-height-default elementor-section-height-default\" data-id=\"468f9f3\" data-element_type=\"section\">\n\t\t\t\t\t\t<div class=\"elementor-container elementor-column-gap-default\">\n\t\t\t\t\t<div class=\"elementor-column elementor-col-100 elementor-top-column elementor-element elementor-element-e578e59\" data-id=\"e578e59\" data-element_type=\"column\">\n\t\t\t<div class=\"elementor-widget-wrap elementor-element-populated\">\n\t\t\t\t\t\t\t\t<div class=\"elementor-element elementor-element-0611d7b elementor-widget elementor-widget-text-editor\" data-id=\"0611d7b\" data-element_type=\"widget\" data-widget_type=\"text-editor.default\">\n\t\t\t\t<div class=\"elementor-widget-container\">\n\t\t\t\t\t\t\t<p><b>Proceso de Constituci\u00f3n:<\/b><\/p>\n<ul id=\"Tramites\">\n<li><span class=\"org\">Notario:<\/span> <a id=\"ctl00_PlaceHolderMain_formulario_TabContainer1_TabPanel1_rptListadotramites_ctl00_lnkTramite\" tabindex=\"0\"><\/a>Acta notarial&nbsp;<\/li>\n<li><span class=\"org\">Consejer\u00edas de Hacienda de las CC.AA.:<\/span> <a id=\"ctl00_PlaceHolderMain_formulario_TabContainer1_TabPanel1_rptListadotramites_ctl01_lnkTramite\" tabindex=\"0\"><\/a>Impuesto sobre transmisiones patrimoniales y actos jur\u00eddicos documentados&nbsp;<\/li>\n<li><span class=\"org\">Registro Mercantil Provincial:<\/span> <a id=\"ctl00_PlaceHolderMain_formulario_TabContainer1_TabPanel1_rptListadotramites_ctl02_lnkTramite\" tabindex=\"0\"><\/a>Inscripci\u00f3n de la empresa en el Registro&nbsp;<\/li>\n<\/ul>\t\t\t\t\t\t<\/div>\n\t\t\t\t<\/div>\n\t\t\t\t\t<\/div>\n\t\t<\/div>\n\t\t\t\t\t\t\t<\/div>\n\t\t<\/section>\n\t\t\t\t<section class=\"elementor-section elementor-top-section elementor-element elementor-element-890165b elementor-section-boxed elementor-section-height-default elementor-section-height-default\" data-id=\"890165b\" data-element_type=\"section\">\n\t\t\t\t\t\t<div class=\"elementor-container elementor-column-gap-default\">\n\t\t\t\t\t<div class=\"elementor-column elementor-col-100 elementor-top-column elementor-element elementor-element-4011f98\" data-id=\"4011f98\" data-element_type=\"column\">\n\t\t\t<div class=\"elementor-widget-wrap elementor-element-populated\">\n\t\t\t\t\t\t\t\t<div class=\"elementor-element elementor-element-a75b9c8 elementor-widget elementor-widget-text-editor\" data-id=\"a75b9c8\" data-element_type=\"widget\" data-widget_type=\"text-editor.default\">\n\t\t\t\t<div class=\"elementor-widget-container\">\n\t\t\t\t\t\t\t<p><strong>Puesta en marcha:<\/strong><\/p>\n<p><span id=\"ctl00_PlaceHolderMain_formulario_TabContainer1_TabPanel2_rptListadoPuestaEnMarcha_ctl00_tipoTramite\" class=\"tituloforma-esp\">Tr\u00e1mites generales<\/span><\/p>\n<ul>\n<li style=\"list-style-type: none;\">\n<\/li><ul>\n<li><span class=\"org\">Agencia Tributaria (AEAT)<\/span>: <a id=\"ctl00_PlaceHolderMain_formulario_TabContainer1_TabPanel2_rptListadoPuestaEnMarcha_ctl00_lnkTramitePuMarcha\" tabindex=\"0\"><\/a>Alta en el Censo de empresarios, profesionales y retenedores<\/li>\n<li><span class=\"org\">Tesorer\u00eda General de la Seguridad Social<\/span>: <a id=\"ctl00_PlaceHolderMain_formulario_TabContainer1_TabPanel2_rptListadoPuestaEnMarcha_ctl01_lnkTramitePuMarcha\" tabindex=\"0\"><\/a>Alta en el r\u00e9gimen especial de trabajadores aut\u00f3nomos (RETA)<\/li>\n<li><span class=\"org\">Registro Mercantil Provincial<\/span>: <a id=\"ctl00_PlaceHolderMain_formulario_TabContainer1_TabPanel2_rptListadoPuestaEnMarcha_ctl02_lnkTramitePuMarcha\" tabindex=\"0\"><\/a>Legalizaci\u00f3n del Libro Diario y del Libro de Inventarios y Cuentas Anuales<\/li>\n<li><span class=\"org\">Autoridades de certificaci\u00f3n<\/span>: <a id=\"ctl00_PlaceHolderMain_formulario_TabContainer1_TabPanel2_rptListadoPuestaEnMarcha_ctl03_lnkTramitePuMarcha\" tabindex=\"0\"><\/a>Obtenci\u00f3n de un certificado electr\u00f3nico<\/li><\/ul>\n\n<\/ul>\n<p><span class=\"tituloforma-esp\"><br><\/span><\/p><p><span id=\"ctl00_PlaceHolderMain_formulario_TabContainer1_TabPanel2_rptListadoPuestaEnMarcha_ctl04_tipoTramite\" class=\"tituloforma-esp\">Tr\u00e1mites seg\u00fan la actividad<\/span><\/p>\n<ul>\n<li style=\"list-style-type: none;\">\n<ul>\n<li><span class=\"org\">Ayuntamientos<\/span>: <a id=\"ctl00_PlaceHolderMain_formulario_TabContainer1_TabPanel2_rptListadoPuestaEnMarcha_ctl04_lnkTramitePuMarcha\" tabindex=\"0\"><\/a>Licencia de actividad<\/li>\n<li><span class=\"org\">Otros organismos oficiales y\/o registros<\/span>: <a id=\"ctl00_PlaceHolderMain_formulario_TabContainer1_TabPanel2_rptListadoPuestaEnMarcha_ctl05_lnkTramitePuMarcha\" tabindex=\"0\"><\/a>Inscripci\u00f3n en otros organismos oficiales y\/o registros<\/li>\n<\/ul>\n<\/li>\n<\/ul>\n<p><span class=\"tituloforma-esp\"><br><\/span><\/p><p><span id=\"ctl00_PlaceHolderMain_formulario_TabContainer1_TabPanel2_rptListadoPuestaEnMarcha_ctl06_tipoTramite\" class=\"tituloforma-esp\">Tr\u00e1mites en caso de contratar trabajadores<\/span><\/p>\n<ul>\n<li style=\"list-style-type: none;\">\n<ul>\n<li><span class=\"org\">Tesorer\u00eda General de la Seguridad Social<\/span>: <a id=\"ctl00_PlaceHolderMain_formulario_TabContainer1_TabPanel2_rptListadoPuestaEnMarcha_ctl06_lnkTramitePuMarcha\" tabindex=\"0\"><\/a>Inscripci\u00f3n de la empresa<\/li>\n<li><span class=\"org\">Tesorer\u00eda General de la Seguridad Social<\/span>: <a id=\"ctl00_PlaceHolderMain_formulario_TabContainer1_TabPanel2_rptListadoPuestaEnMarcha_ctl07_lnkTramitePuMarcha\" tabindex=\"0\"><\/a>Afiliaci\u00f3n de trabajadores<span class=\"Label1\"> (en el supuesto de que no est\u00e9n afiliados)<\/span><\/li>\n<li><span class=\"org\">Tesorer\u00eda General de la Seguridad Social<\/span>: <a id=\"ctl00_PlaceHolderMain_formulario_TabContainer1_TabPanel2_rptListadoPuestaEnMarcha_ctl08_lnkTramitePuMarcha\" tabindex=\"0\"><\/a>Alta de los trabajadores en el R\u00e9gimen de la Seguridad Social<\/li>\n<li><span class=\"org\">Servicio P\u00fablico de Empleo Estatal<\/span>: <a id=\"ctl00_PlaceHolderMain_formulario_TabContainer1_TabPanel2_rptListadoPuestaEnMarcha_ctl09_lnkTramitePuMarcha\" tabindex=\"0\"><\/a>Alta de los contratos de trabajo<\/li>\n<li><span class=\"org\">Consejer\u00eda de Trabajo de la Comunidad Aut\u00f3noma<\/span>: <a id=\"ctl00_PlaceHolderMain_formulario_TabContainer1_TabPanel2_rptListadoPuestaEnMarcha_ctl10_lnkTramitePuMarcha\" tabindex=\"0\"><\/a>Comunicaci\u00f3n de apertura del centro de trabajo<\/li>\n<li><span class=\"org\">Inspecci\u00f3n Provincial de Trabajo<\/span>: <a id=\"ctl00_PlaceHolderMain_formulario_TabContainer1_TabPanel2_rptListadoPuestaEnMarcha_ctl11_lnkTramitePuMarcha\" tabindex=\"0\"><\/a>Obtenci\u00f3n del calendario laboral<\/li>\n<\/ul>\n<\/li>\n<\/ul>\n<p><span class=\"tituloforma-esp\"><br><\/span><\/p><p><span id=\"ctl00_PlaceHolderMain_formulario_TabContainer1_TabPanel2_rptListadoPuestaEnMarcha_ctl12_tipoTramite\" class=\"tituloforma-esp\">Tr\u00e1mites complementarios<\/span><\/p>\n<ul id=\"PuestaEnMarcha\">\n<li><span class=\"org\">Oficina Espa\u00f1ola de Patentes y Marcas<\/span>: <a id=\"ctl00_PlaceHolderMain_formulario_TabContainer1_TabPanel2_rptListadoPuestaEnMarcha_ctl12_lnkTramitePuMarcha\" tabindex=\"0\"><\/a>Registro de signos distintivos<\/li>\n<\/ul>\t\t\t\t\t\t<\/div>\n\t\t\t\t<\/div>\n\t\t\t\t\t<\/div>\n\t\t<\/div>\n\t\t\t\t\t\t\t<\/div>\n\t\t<\/section>\n\t\t\t\t\t\t\t<\/div>\n\t\t","protected":false},"excerpt":{"rendered":"<p>Toda la informaci\u00f3n y los detalles en la\u00a0p\u00e1gina del Ministerio de Industria, Comercio e Turismo\u00a0 Proceso de Constituci\u00f3n: Notario: Acta notarial&nbsp; Consejer\u00edas de Hacienda de las CC.AA.: Impuesto sobre transmisiones patrimoniales y actos jur\u00eddicos documentados&nbsp; Registro Mercantil Provincial: Inscripci\u00f3n de la empresa en el Registro&nbsp; Puesta en marcha: Tr\u00e1mites generales Agencia Tributaria (AEAT): Alta en [&hellip;]<\/p>\n","protected":false},"author":9,"featured_media":0,"parent":0,"menu_order":0,"comment_status":"closed","ping_status":"closed","template":"","meta":[],"_links":{"self":[{"href":"https:\/\/emprendeuned.uned.es\/wordpress\/wp-json\/wp\/v2\/pages\/703"}],"collection":[{"href":"https:\/\/emprendeuned.uned.es\/wordpress\/wp-json\/wp\/v2\/pages"}],"about":[{"href":"https:\/\/emprendeuned.uned.es\/wordpress\/wp-json\/wp\/v2\/types\/page"}],"author":[{"embeddable":true,"href":"https:\/\/emprendeuned.uned.es\/wordpress\/wp-json\/wp\/v2\/users\/9"}],"replies":[{"embeddable":true,"href":"https:\/\/emprendeuned.uned.es\/wordpress\/wp-json\/wp\/v2\/comments?post=703"}],"version-history":[{"count":13,"href":"https:\/\/emprendeuned.uned.es\/wordpress\/wp-json\/wp\/v2\/pages\/703\/revisions"}],"predecessor-version":[{"id":933,"href":"https:\/\/emprendeuned.uned.es\/wordpress\/wp-json\/wp\/v2\/pages\/703\/revisions\/933"}],"wp:attachment":[{"href":"https:\/\/emprendeuned.uned.es\/wordpress\/wp-json\/wp\/v2\/media?parent=703"}],"curies":[{"name":"wp","href":"https:\/\/api.w.org\/{rel}","templated":true}]}}