{"id":479,"date":"2022-06-08T17:27:21","date_gmt":"2022-06-08T15:27:21","guid":{"rendered":"https:\/\/emprende.inteccauned.es\/wordpress\/?page_id=479"},"modified":"2022-06-08T17:27:21","modified_gmt":"2022-06-08T15:27:21","slug":"sociedad-cooperativa-de-trabajo-asociado","status":"publish","type":"page","link":"https:\/\/emprendeuned.uned.es\/wordpress\/sociedad-cooperativa-de-trabajo-asociado\/","title":{"rendered":"Sociedad Cooperativa de Trabajo Asociado"},"content":{"rendered":"\n<p>M\u00e1s <a rel=\"noreferrer noopener\" href=\"http:\/\/www.ipyme.org\/es-ES\/DecisionEmprender\/FormasJuridicas\/Paginas\/FormasJuridicas-Descripcion.aspx?cod=SCTA&amp;nombre=Sociedad%20Cooperativa%20de%20Trabajo%20Asociado&amp;idioma=es-ES\" data-type=\"URL\" data-id=\"http:\/\/www.ipyme.org\/es-ES\/DecisionEmprender\/FormasJuridicas\/Paginas\/FormasJuridicas-Descripcion.aspx?cod=SCTA&amp;nombre=Sociedad%20Cooperativa%20de%20Trabajo%20Asociado&amp;idioma=es-ES\" target=\"_blank\">info<\/a><\/p>\n\n\n\n<p>Descripci\u00f3n:<\/p>\n\n\n\n<p>Es una sociedad constituida por personas que tiene por objeto proporcionar a sus socios puestos de trabajo a tiempo parcial o completo, a trav\u00e9s de la organizaci\u00f3n en com\u00fan de la producci\u00f3n de bienes o servicios para terceros.<br><br>N\u00famero de socios: Cooperativas 1er grado: M\u00ednimo 3 &#8211; Cooperativas 2\u00ba grado: 2 cooperativas<br>Responsabilidad: Limitada al capital aportado<br>Capital: M\u00ednimo fijado en los Estatutos<br>Fiscalidad: impuesto sobre Sociedades (R\u00e9gimen especial)<br><br><\/p>\n\n\n\n<p>Caracter\u00edsticas<\/p>\n\n\n\n<ul><li>El n\u00famero de horas\/a\u00f1o realizadas por los trabajadores con contrato de trabajo por cuenta ajena no podr\u00e1 ser superior al 30 por 100 del total de horas\/a\u00f1o realizadas por los socios trabajadores.<\/li><li>Denominaci\u00f3n de la sociedad: incluir\u00e1 necesariamente las palabras \u00abSociedad Cooperativa\u00bb o su abreviatura \u00abS. Coop.\u00bb. Esta denominaci\u00f3n ser\u00e1 exclusiva.<\/li><li>Sede: se fijar\u00e1 en el lugar donde realice principalmente su actividad o centralice su gesti\u00f3n administrativa y direcci\u00f3n.<\/li><li>Constituci\u00f3n: la sociedad cooperativa se constituir\u00e1 mediante escritura p\u00fablica que deber\u00e1 ser inscrita en el Registro de Sociedades Cooperativas, con lo que adquirir\u00e1 personalidad jur\u00eddica.<\/li><li>Libros oficiales: deber\u00e1n llevar los siguientes libros:&nbsp;<ul><li>Libro registro de socios;<\/li><li>Libro registro de aportaciones al capital social;&nbsp;<\/li><li>Libros de actas de la Asamblea General, del Consejo Rector, de los liquidadores y, en su caso, del Comit\u00e9 de Recursos y de las juntas preparatorias;<\/li><li>Libro de inventarios y cuentas anuales;<\/li><li>Libro diario;<\/li><li>y cualesquiera otros que vengan exigidos por disposiciones legales.&nbsp;<\/li><\/ul>Todos los libros deber\u00e1n ser diligenciados y legalizados por el Registro de Sociedades Cooperativas.<\/li><li>Capital social m\u00ednimo: se fijar\u00e1 en los Estatutos y deber\u00e1 estar totalmente desembolsado desde su constituci\u00f3n.<\/li><li>Composici\u00f3n del capital social: estar\u00e1 constituido por las aportaciones de los socios y se realizar\u00e1n en moneda de curso legal. Si lo prev\u00e9n los Estatutos o, lo acordase la Asamblea General, tambi\u00e9n podr\u00e1n consistir en bienes y derechos susceptibles de valoraci\u00f3n econ\u00f3mica.<\/li><li>Aportaciones de los socios: el importe total no podr\u00e1 exceder de un tercio del capital social, excepto cuando se trate de sociedades cooperativas, entidades sin \u00e1nimo de lucro o sociedades participadas mayoritariamente por cooperativas.<\/li><li>Secciones:<ul><li>Estatutariamente se puede permitir la creaci\u00f3n de secciones dentro de una misma cooperativa. La secci\u00f3n desarrollar\u00e1 una actividad econ\u00f3mica o social de forma aut\u00f3noma con diferenciaci\u00f3n de socios, patrimonio, responsabilidad, gesti\u00f3n y contabilidad.<\/li><li>Sigue siendo obligatoria una contabilidad general de la cooperativa, y prevalecen la gesti\u00f3n y representaci\u00f3n del Consejo Rector, as\u00ed como la responsabilidad patrimonial universal de la cooperativa.<\/li><li>Los intereses de la secci\u00f3n estar\u00e1n siempre sometidos al inter\u00e9s general de la cooperativa, de forma que las decisiones de la asamblea de socios de la secci\u00f3n pueden ser suspendidas por la asamblea general.<\/li><\/ul><\/li><\/ul>\n","protected":false},"excerpt":{"rendered":"<p>M\u00e1s info Descripci\u00f3n: Es una sociedad constituida por personas que tiene por objeto proporcionar a sus socios puestos de trabajo a tiempo parcial o completo, a trav\u00e9s de la organizaci\u00f3n en com\u00fan de la producci\u00f3n de bienes o servicios para terceros. N\u00famero de socios: Cooperativas 1er grado: M\u00ednimo 3 &#8211; Cooperativas 2\u00ba grado: 2 cooperativasResponsabilidad: [&hellip;]<\/p>\n","protected":false},"author":9,"featured_media":0,"parent":0,"menu_order":0,"comment_status":"closed","ping_status":"closed","template":"","meta":[],"_links":{"self":[{"href":"https:\/\/emprendeuned.uned.es\/wordpress\/wp-json\/wp\/v2\/pages\/479"}],"collection":[{"href":"https:\/\/emprendeuned.uned.es\/wordpress\/wp-json\/wp\/v2\/pages"}],"about":[{"href":"https:\/\/emprendeuned.uned.es\/wordpress\/wp-json\/wp\/v2\/types\/page"}],"author":[{"embeddable":true,"href":"https:\/\/emprendeuned.uned.es\/wordpress\/wp-json\/wp\/v2\/users\/9"}],"replies":[{"embeddable":true,"href":"https:\/\/emprendeuned.uned.es\/wordpress\/wp-json\/wp\/v2\/comments?post=479"}],"version-history":[{"count":1,"href":"https:\/\/emprendeuned.uned.es\/wordpress\/wp-json\/wp\/v2\/pages\/479\/revisions"}],"predecessor-version":[{"id":480,"href":"https:\/\/emprendeuned.uned.es\/wordpress\/wp-json\/wp\/v2\/pages\/479\/revisions\/480"}],"wp:attachment":[{"href":"https:\/\/emprendeuned.uned.es\/wordpress\/wp-json\/wp\/v2\/media?parent=479"}],"curies":[{"name":"wp","href":"https:\/\/api.w.org\/{rel}","templated":true}]}}