{"id":477,"date":"2022-06-08T17:27:49","date_gmt":"2022-06-08T15:27:49","guid":{"rendered":"https:\/\/emprende.inteccauned.es\/wordpress\/?page_id=477"},"modified":"2022-06-08T17:27:49","modified_gmt":"2022-06-08T15:27:49","slug":"sociedad-limitada-nueva-empresa","status":"publish","type":"page","link":"https:\/\/emprendeuned.uned.es\/wordpress\/sociedad-limitada-nueva-empresa\/","title":{"rendered":"Sociedad Limitada Nueva Empresa"},"content":{"rendered":"\n<p>M\u00e1s <a rel=\"noreferrer noopener\" href=\"http:\/\/www.ipyme.org\/es-ES\/DecisionEmprender\/FormasJuridicas\/Paginas\/FormasJuridicas-Descripcion.aspx?cod=SLNE&amp;nombre=Sociedad%20Limitada%20Nueva%20Empresa&amp;idioma=es-ES\" data-type=\"URL\" data-id=\"http:\/\/www.ipyme.org\/es-ES\/DecisionEmprender\/FormasJuridicas\/Paginas\/FormasJuridicas-Descripcion.aspx?cod=SLNE&amp;nombre=Sociedad%20Limitada%20Nueva%20Empresa&amp;idioma=es-ES\" target=\"_blank\">info<\/a><br><\/p>\n\n\n\n<p>Descripci\u00f3n:  Es una especialidad de la Sociedad Limitada.<br>N\u00famero de socios: M\u00e1ximo 5<br>Responsabilidad: Limitada al capital aportado<br>Capital: M\u00ednimo 3.000 \u20ac M\u00e1ximo 120.000 \u20ac<br>Fiscalidad: Impuesto sobre Sociedades<br><br><\/p>\n\n\n\n<p>Caracter\u00edsticas<\/p>\n\n\n\n<ul><li>Es una especialidad de la Sociedad de Responsabilidad Limitada (SRL).<\/li><li>Su capital social est\u00e1 dividido en participaciones sociales y la responsabilidad frente a terceros est\u00e1 limitada al capital aportado.<\/li><li>La denominaci\u00f3n social se compone de los apellidos y el nombre de uno de los socios m\u00e1s un c\u00f3digo alfanum\u00e9rico \u00fanico (ID-CIRCE) seguido de las palabras \u00abSociedad Limitada Nueva Empresa\u00bb o la abreviaci\u00f3n \u00abSLNE\u00bb.<\/li><li>Dos formas de constituci\u00f3n:<ul><li>Telem\u00e1tica: mediante el Documento \u00danico Electr\u00f3nico (DUE), evitando desplazamientos al emprendedor y un ahorro sustancial de tiempos y costes.<\/li><li>Presencial: con los mismos tiempos de respuesta de notarios y registradores (48 horas), siempre que se opte por la utilizaci\u00f3n de unos estatutos sociales orientativos.<\/li><\/ul><\/li><li>Se podr\u00e1n utilizar unos estatutos sociales orientativos.<\/li><li>\u00d3rganos sociales sencillos.<\/li><li>Convocatoria Junta General. La Sociedad Limitada Nueva Empresa puede convocarse de la forma habitual a todas las Sociedades de Responsabilidad Limitada ordinarias y tambi\u00e9n mediante correo certificado, con acuse de recibo, al domicilio que hayan se\u00f1alado los socios o a trav\u00e9s de correo electr\u00f3nico; en cuyo caso deber\u00e1 acreditarse que se ha enviado tal mensaje. En estos dos \u00faltimos casos, no ser\u00e1 necesario publicar la convocatoria de la junta ni en el Bolet\u00edn Oficial del Registro Mercantil (BORME) ni en alguno de los diarios de mayor circulaci\u00f3n del t\u00e9rmino municipal del domicilio social.&nbsp;<\/li><li>Modificaci\u00f3n gratuita de la denominaci\u00f3n social, durante los tres meses posteriores a su constituci\u00f3n.<\/li><li>Pueden continuar sus operaciones en forma de SRL por acuerdo de la Junta General y adaptaci\u00f3n de los estatutos.&nbsp;<\/li><\/ul>\n\n\n\n<p>Ventajas<\/p>\n\n\n\n<ul><li>R\u00e1pida constituci\u00f3n: Si elige la tramitaci\u00f3n telem\u00e1tica y los estatutos sociales orientativos, en s\u00f3lo 48 horas el emprendedor podr\u00e1 tener su empresa constituida.<\/li><li>El objeto social es gen\u00e9rico para permitir una mayor flexibilidad en el desarrollo de las actividades empresariales sin necesidad de modificar los estatutos de la sociedad, si bien se da opci\u00f3n a los socios de establecer, adem\u00e1s, una actividad singular.<\/li><li>La denominaci\u00f3n social, al estar compuesta del nombre y apellidos de uno de los socios m\u00e1s el ID-CIRCE, el tr\u00e1mite en el Registro Mercantil se hace en menos de 24 horas frente a los tres d\u00edas h\u00e1biles para otros tipos de denominaci\u00f3n social.<\/li><li>El libro de registro de los socios no es obligatorio.<\/li><li>Medidas fiscales para ayudar a superar los primeros a\u00f1os de actividad empresarial.<\/li><\/ul>\n\n\n\n<p> <\/p>\n","protected":false},"excerpt":{"rendered":"<p>M\u00e1s info Descripci\u00f3n: Es una especialidad de la Sociedad Limitada.N\u00famero de socios: M\u00e1ximo 5Responsabilidad: Limitada al capital aportadoCapital: M\u00ednimo 3.000 \u20ac M\u00e1ximo 120.000 \u20acFiscalidad: Impuesto sobre Sociedades Caracter\u00edsticas Es una especialidad de la Sociedad de Responsabilidad Limitada (SRL). Su capital social est\u00e1 dividido en participaciones sociales y la responsabilidad frente a terceros est\u00e1 limitada al [&hellip;]<\/p>\n","protected":false},"author":9,"featured_media":0,"parent":0,"menu_order":0,"comment_status":"closed","ping_status":"closed","template":"","meta":[],"_links":{"self":[{"href":"https:\/\/emprendeuned.uned.es\/wordpress\/wp-json\/wp\/v2\/pages\/477"}],"collection":[{"href":"https:\/\/emprendeuned.uned.es\/wordpress\/wp-json\/wp\/v2\/pages"}],"about":[{"href":"https:\/\/emprendeuned.uned.es\/wordpress\/wp-json\/wp\/v2\/types\/page"}],"author":[{"embeddable":true,"href":"https:\/\/emprendeuned.uned.es\/wordpress\/wp-json\/wp\/v2\/users\/9"}],"replies":[{"embeddable":true,"href":"https:\/\/emprendeuned.uned.es\/wordpress\/wp-json\/wp\/v2\/comments?post=477"}],"version-history":[{"count":1,"href":"https:\/\/emprendeuned.uned.es\/wordpress\/wp-json\/wp\/v2\/pages\/477\/revisions"}],"predecessor-version":[{"id":478,"href":"https:\/\/emprendeuned.uned.es\/wordpress\/wp-json\/wp\/v2\/pages\/477\/revisions\/478"}],"wp:attachment":[{"href":"https:\/\/emprendeuned.uned.es\/wordpress\/wp-json\/wp\/v2\/media?parent=477"}],"curies":[{"name":"wp","href":"https:\/\/api.w.org\/{rel}","templated":true}]}}