{"id":475,"date":"2022-06-08T17:26:29","date_gmt":"2022-06-08T15:26:29","guid":{"rendered":"https:\/\/emprende.inteccauned.es\/wordpress\/?page_id=475"},"modified":"2022-06-08T17:26:29","modified_gmt":"2022-06-08T15:26:29","slug":"comunidad-de-bienes","status":"publish","type":"page","link":"https:\/\/emprendeuned.uned.es\/wordpress\/comunidad-de-bienes\/","title":{"rendered":"Comunidad de Bienes"},"content":{"rendered":"\n<p>M\u00e1s <a rel=\"noreferrer noopener\" href=\"http:\/\/www.ipyme.org\/es-ES\/DecisionEmprender\/FormasJuridicas\/Paginas\/FormasJuridicas-Descripcion.aspx?cod=CBI&amp;nombre=Comunidad%20de%20Bienes&amp;idioma=es-ES\" data-type=\"URL\" data-id=\"http:\/\/www.ipyme.org\/es-ES\/DecisionEmprender\/FormasJuridicas\/Paginas\/FormasJuridicas-Descripcion.aspx?cod=CBI&amp;nombre=Comunidad%20de%20Bienes&amp;idioma=es-ES\" target=\"_blank\">info<\/a> <\/p>\n\n\n\n<p>Descripci\u00f3n:<\/p>\n\n\n\n<p>La Comunidad de Bienes se constituye cuando la propiedad de un bien o derecho pertenece proindiviso a varias personas y forma parte de una actividad empresarial realizada en com\u00fan. Se podr\u00eda decir que es la forma m\u00e1s sencilla de asociaci\u00f3n entre aut\u00f3nomos.<br><br>N\u00famero de socios: M\u00ednimo 2<br>Responsabilidad: Ilimitada<br>Capital: No existe m\u00ednimo legal<br>Fiscalidad: IRPF (rendimientos por actividades econ\u00f3micas)<br><br><\/p>\n\n\n\n<p>Caracter\u00edsticas<\/p>\n\n\n\n<ul><li>Para ejercer la actividad se requiere la existencia de un contrato privado en el que se detalle la naturaleza de las aportaciones y el porcentaje de participaci\u00f3n que cada comunero tiene en las p\u00e9rdidas y ganancias de la Comunidad de Bienes.<\/li><li>No se exige aportaci\u00f3n m\u00ednima. Pueden aportarse solamente bienes, pero no puede aportarse s\u00f3lo dinero o trabajo.<\/li><li>La Comunidad se constituir\u00e1 mediante escritura p\u00fablica cuando se aporten bienes inmuebles o derechos reales.<\/li><li>Para la legislaci\u00f3n vigente tienen consideraci\u00f3n de entidad sometida al r\u00e9gimen especial de atribuci\u00f3n de rentas, tengan o no tengan personalidad jur\u00eddica.<\/li><\/ul>\n\n\n\n<p><br><\/p>\n","protected":false},"excerpt":{"rendered":"<p>M\u00e1s info Descripci\u00f3n: La Comunidad de Bienes se constituye cuando la propiedad de un bien o derecho pertenece proindiviso a varias personas y forma parte de una actividad empresarial realizada en com\u00fan. Se podr\u00eda decir que es la forma m\u00e1s sencilla de asociaci\u00f3n entre aut\u00f3nomos. N\u00famero de socios: M\u00ednimo 2Responsabilidad: IlimitadaCapital: No existe m\u00ednimo legalFiscalidad: [&hellip;]<\/p>\n","protected":false},"author":9,"featured_media":0,"parent":0,"menu_order":0,"comment_status":"closed","ping_status":"closed","template":"","meta":[],"_links":{"self":[{"href":"https:\/\/emprendeuned.uned.es\/wordpress\/wp-json\/wp\/v2\/pages\/475"}],"collection":[{"href":"https:\/\/emprendeuned.uned.es\/wordpress\/wp-json\/wp\/v2\/pages"}],"about":[{"href":"https:\/\/emprendeuned.uned.es\/wordpress\/wp-json\/wp\/v2\/types\/page"}],"author":[{"embeddable":true,"href":"https:\/\/emprendeuned.uned.es\/wordpress\/wp-json\/wp\/v2\/users\/9"}],"replies":[{"embeddable":true,"href":"https:\/\/emprendeuned.uned.es\/wordpress\/wp-json\/wp\/v2\/comments?post=475"}],"version-history":[{"count":1,"href":"https:\/\/emprendeuned.uned.es\/wordpress\/wp-json\/wp\/v2\/pages\/475\/revisions"}],"predecessor-version":[{"id":476,"href":"https:\/\/emprendeuned.uned.es\/wordpress\/wp-json\/wp\/v2\/pages\/475\/revisions\/476"}],"wp:attachment":[{"href":"https:\/\/emprendeuned.uned.es\/wordpress\/wp-json\/wp\/v2\/media?parent=475"}],"curies":[{"name":"wp","href":"https:\/\/api.w.org\/{rel}","templated":true}]}}