{"id":393,"date":"2022-06-08T17:27:07","date_gmt":"2022-06-08T15:27:07","guid":{"rendered":"https:\/\/emprende.inteccauned.es\/wordpress\/?page_id=393"},"modified":"2022-06-08T17:27:07","modified_gmt":"2022-06-08T15:27:07","slug":"sociedad-civil","status":"publish","type":"page","link":"https:\/\/emprendeuned.uned.es\/wordpress\/sociedad-civil\/","title":{"rendered":"Sociedad Civil"},"content":{"rendered":"\n<p>Descripci\u00f3n:<\/p>\n\n\n\n<p>Contrato por el que dos o m\u00e1s personas ponen en com\u00fan capital, con prop\u00f3sito de repartir entre si las ganancias.<br><br>N\u00famero de socios: M\u00ednimo 2<br>Responsabilidad: Ilimitada<br>Capital: No existe m\u00ednimo legal<br>Fiscalidad: mpuesto de sociedades o IRPF (rendimientos por actividades econ\u00f3micas)<\/p>\n\n\n\n<p>Caracter\u00edsticas<\/p>\n\n\n\n<ul><li>El capital est\u00e1 formado por las aportaciones de los socios, tanto en dinero como en bienes o trabajo, servicios o actividad en general.&nbsp;<\/li><li>Podr\u00e1 tener o no personalidad jur\u00eddica propia en funci\u00f3n de que sus pactos sean p\u00fablicos o secretos. La Agencia Tributaria considera que tienen personalidad jur\u00eddica cuando se manifiestan como tales en el momento de solicitar el N\u00famero de Identificaci\u00f3n Fiscal (NIF), es decir, cuando lo mencionan en el acuerdo de voluntades (<a href=\"https:\/\/www.agenciatributaria.es\/static_files\/AEAT\/Contenidos_Comunes\/La_Agencia_Tributaria\/Segmentos_Usuarios\/Empresas_y_profesionales\/Foro_grandes_empresas\/Criterios_generales\/Instrucciones_sociedades_civiles.pdf\" target=\"_blank\" rel=\"noreferrer noopener\">Instrucciones en relaci\u00f3n con las Sociedades civiles como contribuyentes del Impuesto sobre Sociedades &#8211; Agencia Tributaria<\/a>).&nbsp;<\/li><li>Cuando los pactos sean secretos se regir\u00e1n por las disposiciones relativas a la Comunidad de Bienes.&nbsp;<\/li><li>Pueden revestir todas las formas reconocidas por el C\u00f3digo de Comercio, seg\u00fan el objeto a que se destinen.&nbsp;<\/li><li>La Sociedad se constituir\u00e1 mediante escritura p\u00fablica cuando se aporten bienes inmuebles o derechos reales.<\/li><\/ul>\n\n\n\n<p><br>Toda la informaci\u00f3n <a href=\"http:\/\/www.ipyme.org\/es-ES\/DecisionEmprender\/FormasJuridicas\/Paginas\/FormasJuridicas-Descripcion.aspx?cod=SCI&amp;nombre=Sociedad%20Civil&amp;idioma=es-ES#d1\" target=\"_blank\" rel=\"noreferrer noopener\">aqu\u00ed<\/a> <br><\/p>\n","protected":false},"excerpt":{"rendered":"<p>Descripci\u00f3n: Contrato por el que dos o m\u00e1s personas ponen en com\u00fan capital, con prop\u00f3sito de repartir entre si las ganancias. N\u00famero de socios: M\u00ednimo 2Responsabilidad: IlimitadaCapital: No existe m\u00ednimo legalFiscalidad: mpuesto de sociedades o IRPF (rendimientos por actividades econ\u00f3micas) Caracter\u00edsticas El capital est\u00e1 formado por las aportaciones de los socios, tanto en dinero como [&hellip;]<\/p>\n","protected":false},"author":9,"featured_media":0,"parent":0,"menu_order":0,"comment_status":"closed","ping_status":"closed","template":"","meta":[],"_links":{"self":[{"href":"https:\/\/emprendeuned.uned.es\/wordpress\/wp-json\/wp\/v2\/pages\/393"}],"collection":[{"href":"https:\/\/emprendeuned.uned.es\/wordpress\/wp-json\/wp\/v2\/pages"}],"about":[{"href":"https:\/\/emprendeuned.uned.es\/wordpress\/wp-json\/wp\/v2\/types\/page"}],"author":[{"embeddable":true,"href":"https:\/\/emprendeuned.uned.es\/wordpress\/wp-json\/wp\/v2\/users\/9"}],"replies":[{"embeddable":true,"href":"https:\/\/emprendeuned.uned.es\/wordpress\/wp-json\/wp\/v2\/comments?post=393"}],"version-history":[{"count":1,"href":"https:\/\/emprendeuned.uned.es\/wordpress\/wp-json\/wp\/v2\/pages\/393\/revisions"}],"predecessor-version":[{"id":398,"href":"https:\/\/emprendeuned.uned.es\/wordpress\/wp-json\/wp\/v2\/pages\/393\/revisions\/398"}],"wp:attachment":[{"href":"https:\/\/emprendeuned.uned.es\/wordpress\/wp-json\/wp\/v2\/media?parent=393"}],"curies":[{"name":"wp","href":"https:\/\/api.w.org\/{rel}","templated":true}]}}