{"id":303,"date":"2022-06-08T17:26:39","date_gmt":"2022-06-08T15:26:39","guid":{"rendered":"https:\/\/emprende.inteccauned.es\/wordpress\/?page_id=303"},"modified":"2022-06-08T17:26:39","modified_gmt":"2022-06-08T15:26:39","slug":"emprendedor-de-responsabilidad-limitada","status":"publish","type":"page","link":"https:\/\/emprendeuned.uned.es\/wordpress\/emprendedor-de-responsabilidad-limitada\/","title":{"rendered":"Emprendedor de Responsabilidad Limitada"},"content":{"rendered":"\n<p class=\"has-small-font-size\"><strong>informaci\u00f3n en la p\u00e1gina del Ministerio de Industria, Comercio y<\/strong> <strong>Turismo<\/strong> (info <a href=\"http:\/\/www.ipyme.org\/es-ES\/DecisionEmprender\/FormasJuridicas\/Paginas\/FormasJuridicas-Descripcion.aspx?cod=ERL&amp;nombre=Emprendedor%20de%20Responsabilidad%20Limitada&amp;idioma=es-ES\" data-type=\"URL\" data-id=\"http:\/\/www.ipyme.org\/es-ES\/DecisionEmprender\/FormasJuridicas\/Paginas\/FormasJuridicas-Descripcion.aspx?cod=ERL&amp;nombre=Emprendedor%20de%20Responsabilidad%20Limitada&amp;idioma=es-ES\" target=\"_blank\" rel=\"noreferrer noopener\">aqu\u00ed<\/a>)<\/p>\n\n\n\n<p><strong>Descripci\u00f3n<\/strong>:<\/p>\n\n\n\n<p>Persona f\u00edsica que, con limitaci\u00f3n de responsabilidad bajo determinadas condiciones, realiza de forma habitual, personal, directa, por cuenta propia y fuera del \u00e1mbito de direcci\u00f3n y organizaci\u00f3n de otra persona, una actividad econ\u00f3mica o profesional a t\u00edtulo lucrativo, con o sin trabajadores por cuenta ajena a su cargo.<\/p>\n\n\n\n<p><strong>No. De socios: 1<br>Responsabilidad: LIMITADA<br>Capital: No existe m\u00ednimo legal<br>Fiscalidad: IRPF (rendimientos por actividades econ\u00f3micas)<br><\/strong><\/p>\n\n\n\n<p><strong>Caracter\u00edsticas<\/strong>:<\/p>\n\n\n\n<ul><li>El emprendedor responde personalmente de todas las obligaciones que contraiga la empresa, excluy\u00e9ndose de las mismas la vivienda habitual (exceptuando las deudas de derecho p\u00fablico).<\/li><li>Control total de la empresa por parte del propietario, que dirige su gesti\u00f3n.<\/li><li>La personalidad jur\u00eddica de la empresa es la misma que la de su titular (empresario).<\/li><li>La aportaci\u00f3n de capital a la empresa, tanto en su calidad como en su cantidad, no tiene m\u00e1s l\u00edmite que la voluntad del empresario.<\/li><li>El emprendedor inscrito deber\u00e1 hacer constar en toda su documentaci\u00f3n, con expresi\u00f3n de los datos registrales, su condici\u00f3n de \u00abEmprendedor de Responsabilidad Limitada\u00bb o mediante la adici\u00f3n a su nombre, apellidos y datos de identificaci\u00f3n fiscal de las siglas \u00abERL\u00bb.<br><\/li><\/ul>\n\n\n\n<p><strong>Ventajas<\/strong>:<\/p>\n\n\n\n<ul><li>El emprendedor podr\u00e1 limitar su responsabilidad por las deudas derivadas del ejercicio de dicha actividad empresarial o profesional.<\/li><li>Es una forma empresarial id\u00f3nea para el funcionamiento de empresas de muy reducido tama\u00f1o.<\/li><li>No hay que realizar ning\u00fan tr\u00e1mite de adquisici\u00f3n de la personalidad jur\u00eddica, pero s\u00ed es necesario inscribir en el Registro Mercantil y en el Registro de la Propiedad la condici\u00f3n de Empresario de Responsabilidad Limitada indicando los datos de la vivienda habitual que quedar\u00e1 excluida de la responsabilidad de la empresa.<\/li><li>Puede resultar m\u00e1s econ\u00f3mica, dado que no se crea persona jur\u00eddica distinta del propio empresario.<br><\/li><\/ul>\n\n\n\n<p><br><strong>Inconvenientes<\/strong>:<\/p>\n\n\n\n<ul><li>Es necesaria la inscripci\u00f3n en el Registro Mercantil.<\/li><li>El empresario responde con su patrimonio personal de las deudas generadas en su actividad, excepto su vivienda habitual bajo determinadas condiciones.<\/li><li>Si el empresario o empresaria est\u00e1n casados puede dar lugar a que sus actividades alcancen al otro c\u00f3nyuge, seg\u00fan la clase de bienes:<ul><li>Los bienes propios de los c\u00f3nyuges empresarios quedan obligados a los resultados de la actividad empresarial.<\/li><li>Los bienes gananciales pueden quedar obligados por consentimiento expreso o por presencia y consentimiento.<\/li><li>Los bienes privativos del c\u00f3nyuge del empresario pueden quedar obligados por consentimiento expreso en escritura p\u00fablica.<\/li><\/ul><\/li><li>Tributa por tipos m\u00e1s elevados cuanto mayor es su volumen de renta.<\/li><li>Obligaci\u00f3n de elaborar y depositar anualmente en el Registro Mercantil las cuentas anuales de la actividad.<br><br><br><\/li><\/ul>\n\n\n\n<p><br><\/p>\n\n\n\n<p><br><\/p>\n","protected":false},"excerpt":{"rendered":"<p>informaci\u00f3n en la p\u00e1gina del Ministerio de Industria, Comercio y Turismo (info aqu\u00ed) Descripci\u00f3n: Persona f\u00edsica que, con limitaci\u00f3n de responsabilidad bajo determinadas condiciones, realiza de forma habitual, personal, directa, por cuenta propia y fuera del \u00e1mbito de direcci\u00f3n y organizaci\u00f3n de otra persona, una actividad econ\u00f3mica o profesional a t\u00edtulo lucrativo, con o sin [&hellip;]<\/p>\n","protected":false},"author":9,"featured_media":0,"parent":0,"menu_order":0,"comment_status":"closed","ping_status":"closed","template":"","meta":[],"_links":{"self":[{"href":"https:\/\/emprendeuned.uned.es\/wordpress\/wp-json\/wp\/v2\/pages\/303"}],"collection":[{"href":"https:\/\/emprendeuned.uned.es\/wordpress\/wp-json\/wp\/v2\/pages"}],"about":[{"href":"https:\/\/emprendeuned.uned.es\/wordpress\/wp-json\/wp\/v2\/types\/page"}],"author":[{"embeddable":true,"href":"https:\/\/emprendeuned.uned.es\/wordpress\/wp-json\/wp\/v2\/users\/9"}],"replies":[{"embeddable":true,"href":"https:\/\/emprendeuned.uned.es\/wordpress\/wp-json\/wp\/v2\/comments?post=303"}],"version-history":[{"count":5,"href":"https:\/\/emprendeuned.uned.es\/wordpress\/wp-json\/wp\/v2\/pages\/303\/revisions"}],"predecessor-version":[{"id":405,"href":"https:\/\/emprendeuned.uned.es\/wordpress\/wp-json\/wp\/v2\/pages\/303\/revisions\/405"}],"wp:attachment":[{"href":"https:\/\/emprendeuned.uned.es\/wordpress\/wp-json\/wp\/v2\/media?parent=303"}],"curies":[{"name":"wp","href":"https:\/\/api.w.org\/{rel}","templated":true}]}}